{"id":4734,"date":"2024-12-01T09:46:42","date_gmt":"2024-12-01T09:46:42","guid":{"rendered":"https:\/\/www.printings-n.com\/produit\/cable-de-recharge-6-en-1-terra-rcs-aluminium-recycle-terrarcsrecycledaluminium6in1chargingcable\/"},"modified":"2024-12-01T09:46:43","modified_gmt":"2024-12-01T09:46:43","slug":"cable-de-recharge-6-en-1-terra-rcs-aluminium-recycle-terrarcsrecycledaluminium6in1chargingcable","status":"publish","type":"product","link":"https:\/\/www.printings-n.com\/es\/producto\/cable-de-recharge-6-en-1-terra-rcs-aluminium-recycle-terrarcsrecycledaluminium6in1chargingcable\/","title":{"rendered":"Terra RCS Cable de carga 6 en 1 Aluminio reciclado"},"content":{"rendered":"<p>Notre c\u00e2ble de charge durable, r\u00e9pondant \u00e0 la certification RCS , offrant 6 possibilit\u00e9s de charge. Compl\u00e9t\u00e9 par des c\u00e2bles en PET recycl\u00e9 tress\u00e9 certifi\u00e9s RCS de 12 cm, il prend en charge une charge rapide de 9V\/2A pour la synchronisation, le car play, et plus encore.<\/p>","protected":false},"excerpt":{"rendered":"<p>Notre c\u00e2ble de charge durable, r\u00e9pondant \u00e0 la certification RCS , offrant 6 possibilit\u00e9s de charge. Compl\u00e9t\u00e9 par des c\u00e2bles en PET recycl\u00e9 tress\u00e9 certifi\u00e9s RCS de 12 cm, il prend en charge une charge rapide de 9V\/2A pour la synchronisation, le car play, et plus encore.<\/p>","protected":false},"featured_media":4735,"comment_status":"open","ping_status":"closed","template":"","meta":[],"product_brand":[],"product_cat":[113],"product_tag":[],"class_list":{"0":"post-4734","1":"product","2":"type-product","3":"status-publish","4":"has-post-thumbnail","6":"product_cat-gadgets-technologie","8":"first","9":"instock","10":"taxable","11":"shipping-taxable","12":"product-type-simple"},"_links":{"self":[{"href":"https:\/\/www.printings-n.com\/es\/wp-json\/wp\/v2\/product\/4734","targetHints":{"allow":["GET"]}}],"collection":[{"href":"https:\/\/www.printings-n.com\/es\/wp-json\/wp\/v2\/product"}],"about":[{"href":"https:\/\/www.printings-n.com\/es\/wp-json\/wp\/v2\/types\/product"}],"replies":[{"embeddable":true,"href":"https:\/\/www.printings-n.com\/es\/wp-json\/wp\/v2\/comments?post=4734"}],"wp:featuredmedia":[{"embeddable":true,"href":"https:\/\/www.printings-n.com\/es\/wp-json\/wp\/v2\/media\/4735"}],"wp:attachment":[{"href":"https:\/\/www.printings-n.com\/es\/wp-json\/wp\/v2\/media?parent=4734"}],"wp:term":[{"taxonomy":"product_brand","embeddable":true,"href":"https:\/\/www.printings-n.com\/es\/wp-json\/wp\/v2\/product_brand?post=4734"},{"taxonomy":"product_cat","embeddable":true,"href":"https:\/\/www.printings-n.com\/es\/wp-json\/wp\/v2\/product_cat?post=4734"},{"taxonomy":"product_tag","embeddable":true,"href":"https:\/\/www.printings-n.com\/es\/wp-json\/wp\/v2\/product_tag?post=4734"}],"curies":[{"name":"wp","href":"https:\/\/api.w.org\/{rel}","templated":true}]}}