{"id":4463,"date":"2024-12-01T09:27:05","date_gmt":"2024-12-01T09:27:05","guid":{"rendered":"https:\/\/www.printings-n.com\/produit\/carnet-corknote-a5-corknotea5notebook-2\/"},"modified":"2024-12-01T09:27:05","modified_gmt":"2024-12-01T09:27:05","slug":"carnet-corknote-a5-corknotea5notebook-2","status":"publish","type":"product","link":"https:\/\/www.printings-n.com\/es\/producto\/carnet-corknote-a5-corknotea5notebook-2\/","title":{"rendered":"Cuaderno Corknote A5"},"content":{"rendered":"<p>Faites un geste \u00e9cologique avec le Carnet Corknote A5 de [site_name]. Il est \u00e9quip\u00e9 de fonctionnalit\u00e9s pratiques, dont une boucle de stylo pratique, un \u00e9lastique de fermeture s\u00e9curis\u00e9 et un ruban marque-page int\u00e9gr\u00e9. La texture du li\u00e8ge \u00e9cologique associ\u00e9e \u00e0 votre design unique fera ressortir votre carnet tout en ajoutant une touche de beaut\u00e9 naturelle, le tout en promouvant votre marque. C&#039;est un choix gagnant-gagnant !<\/p>\n","protected":false},"excerpt":{"rendered":"<p>Faites un geste \u00e9cologique avec le Carnet Corknote A5 de [site_name]. Il est \u00e9quip\u00e9 de fonctionnalit\u00e9s pratiques, dont une boucle de stylo pratique, un \u00e9lastique de fermeture s\u00e9curis\u00e9 et un ruban marque-page int\u00e9gr\u00e9. La texture du li\u00e8ge \u00e9cologique associ\u00e9e \u00e0 votre design unique fera ressortir votre carnet tout en ajoutant une touche de beaut\u00e9 naturelle, [&hellip;]<\/p>\n","protected":false},"featured_media":4464,"comment_status":"open","ping_status":"closed","template":"","meta":[],"product_brand":[],"product_cat":[105],"product_tag":[],"class_list":{"0":"post-4463","1":"product","2":"type-product","3":"status-publish","4":"has-post-thumbnail","6":"product_cat-fournitures-de-bureau","8":"first","9":"instock","10":"taxable","11":"shipping-taxable","12":"product-type-simple"},"_links":{"self":[{"href":"https:\/\/www.printings-n.com\/es\/wp-json\/wp\/v2\/product\/4463","targetHints":{"allow":["GET"]}}],"collection":[{"href":"https:\/\/www.printings-n.com\/es\/wp-json\/wp\/v2\/product"}],"about":[{"href":"https:\/\/www.printings-n.com\/es\/wp-json\/wp\/v2\/types\/product"}],"replies":[{"embeddable":true,"href":"https:\/\/www.printings-n.com\/es\/wp-json\/wp\/v2\/comments?post=4463"}],"wp:featuredmedia":[{"embeddable":true,"href":"https:\/\/www.printings-n.com\/es\/wp-json\/wp\/v2\/media\/4464"}],"wp:attachment":[{"href":"https:\/\/www.printings-n.com\/es\/wp-json\/wp\/v2\/media?parent=4463"}],"wp:term":[{"taxonomy":"product_brand","embeddable":true,"href":"https:\/\/www.printings-n.com\/es\/wp-json\/wp\/v2\/product_brand?post=4463"},{"taxonomy":"product_cat","embeddable":true,"href":"https:\/\/www.printings-n.com\/es\/wp-json\/wp\/v2\/product_cat?post=4463"},{"taxonomy":"product_tag","embeddable":true,"href":"https:\/\/www.printings-n.com\/es\/wp-json\/wp\/v2\/product_tag?post=4463"}],"curies":[{"name":"wp","href":"https:\/\/api.w.org\/{rel}","templated":true}]}}