{"id":4455,"date":"2024-12-01T09:26:46","date_gmt":"2024-12-01T09:26:46","guid":{"rendered":"https:\/\/www.printings-n.com\/produit\/carnet-de-notes-a5-premium-a-couverture-rigide-a5hardcovernotebook-2\/"},"modified":"2024-12-01T09:26:46","modified_gmt":"2024-12-01T09:26:46","slug":"a5-premium-cuaderno-de-tapa-dura-a5hardcovernotebook-2","status":"publish","type":"product","link":"https:\/\/www.printings-n.com\/es\/producto\/a5-premium-cuaderno-de-tapa-dura-a5hardcovernotebook-2\/","title":{"rendered":"Cuaderno A5 premium de tapa dura"},"content":{"rendered":"<p>Da rienda suelta a tu creatividad y personaliza la portada de este cuaderno. Con 160 p\u00e1ginas rayadas en color crema y una cinta marcap\u00e1ginas, est\u00e1 listo para tomar tus notas y satisfacer tus necesidades.<\/p>","protected":false},"excerpt":{"rendered":"<p>Da rienda suelta a tu creatividad y personaliza la portada de este cuaderno. Con 160 p\u00e1ginas rayadas en color crema y una cinta marcap\u00e1ginas, est\u00e1 listo para tomar tus notas y satisfacer tus necesidades.<\/p>","protected":false},"featured_media":4456,"comment_status":"open","ping_status":"closed","template":"","meta":[],"product_brand":[],"product_cat":[105],"product_tag":[],"class_list":{"0":"post-4455","1":"product","2":"type-product","3":"status-publish","4":"has-post-thumbnail","6":"product_cat-fournitures-de-bureau","8":"first","9":"instock","10":"taxable","11":"shipping-taxable","12":"product-type-simple"},"_links":{"self":[{"href":"https:\/\/www.printings-n.com\/es\/wp-json\/wp\/v2\/product\/4455","targetHints":{"allow":["GET"]}}],"collection":[{"href":"https:\/\/www.printings-n.com\/es\/wp-json\/wp\/v2\/product"}],"about":[{"href":"https:\/\/www.printings-n.com\/es\/wp-json\/wp\/v2\/types\/product"}],"replies":[{"embeddable":true,"href":"https:\/\/www.printings-n.com\/es\/wp-json\/wp\/v2\/comments?post=4455"}],"wp:featuredmedia":[{"embeddable":true,"href":"https:\/\/www.printings-n.com\/es\/wp-json\/wp\/v2\/media\/4456"}],"wp:attachment":[{"href":"https:\/\/www.printings-n.com\/es\/wp-json\/wp\/v2\/media?parent=4455"}],"wp:term":[{"taxonomy":"product_brand","embeddable":true,"href":"https:\/\/www.printings-n.com\/es\/wp-json\/wp\/v2\/product_brand?post=4455"},{"taxonomy":"product_cat","embeddable":true,"href":"https:\/\/www.printings-n.com\/es\/wp-json\/wp\/v2\/product_cat?post=4455"},{"taxonomy":"product_tag","embeddable":true,"href":"https:\/\/www.printings-n.com\/es\/wp-json\/wp\/v2\/product_tag?post=4455"}],"curies":[{"name":"wp","href":"https:\/\/api.w.org\/{rel}","templated":true}]}}