{"id":4441,"date":"2024-12-01T09:26:19","date_gmt":"2024-12-01T09:26:19","guid":{"rendered":"https:\/\/www.printings-n.com\/produit\/bloc-notes-a5-en-herbe-a-elephant-a-reliure-spirale-wireonotepadselephantgrass-2\/"},"modified":"2024-12-01T09:26:20","modified_gmt":"2024-12-01T09:26:20","slug":"a5-hierba-elefante-bloc-de-notas-encuadernado-en-espiral-wireonotepadselephantgrass-2","status":"publish","type":"product","link":"https:\/\/www.printings-n.com\/es\/producto\/a5-hierba-elefante-bloc-de-notas-encuadernado-en-espiral-wireonotepadselephantgrass-2\/","title":{"rendered":"Bloc de notas de hierba de elefante A5 encuadernado en espiral"},"content":{"rendered":"<p>\u00danico, pr\u00e1ctico, duradero y econ\u00f3mico, nuestro bloc de notas de papel de hierba de elefante lo tiene todo. El papel de hierba de elefante, tambi\u00e9n conocido como Miscanthus, se cultiva en tierras marginales, no utiliza ning\u00fan tratamiento qu\u00edmico, necesita un m\u00ednimo de agua y absorbe 4 veces m\u00e1s CO2 que un \u00e1rbol. El cuadernillo en formato A5 es f\u00e1cil de llevar a todas partes o para regalar. Cada folleto tiene 100 p\u00e1ginas, incluida la portada. \u00a1Pide ya el tuyo!<\/p>","protected":false},"excerpt":{"rendered":"<p>Unique, pratique, durable et pas cher, notre bloc-notes en papier d&#039;herbe d&#039;\u00e9l\u00e9phant a tout pour plaire. Le papier d\u2019herbe \u00e0 \u00e9l\u00e9phant, aussi connu comme Miscanthus, est cultiv\u00e9 sur des terres marginales, n&#039;utilise pas de traitement chimique, a besoin d&#039;une quantit\u00e9 minimale d&#039;eau et absorbe 4 fois plus de CO2 qu&#039;un arbre ! Le carnet au [&hellip;]<\/p>\n","protected":false},"featured_media":4442,"comment_status":"open","ping_status":"closed","template":"","meta":[],"product_brand":[],"product_cat":[105],"product_tag":[],"class_list":{"0":"post-4441","1":"product","2":"type-product","3":"status-publish","4":"has-post-thumbnail","6":"product_cat-fournitures-de-bureau","8":"first","9":"instock","10":"taxable","11":"shipping-taxable","12":"product-type-simple"},"_links":{"self":[{"href":"https:\/\/www.printings-n.com\/es\/wp-json\/wp\/v2\/product\/4441","targetHints":{"allow":["GET"]}}],"collection":[{"href":"https:\/\/www.printings-n.com\/es\/wp-json\/wp\/v2\/product"}],"about":[{"href":"https:\/\/www.printings-n.com\/es\/wp-json\/wp\/v2\/types\/product"}],"replies":[{"embeddable":true,"href":"https:\/\/www.printings-n.com\/es\/wp-json\/wp\/v2\/comments?post=4441"}],"wp:featuredmedia":[{"embeddable":true,"href":"https:\/\/www.printings-n.com\/es\/wp-json\/wp\/v2\/media\/4442"}],"wp:attachment":[{"href":"https:\/\/www.printings-n.com\/es\/wp-json\/wp\/v2\/media?parent=4441"}],"wp:term":[{"taxonomy":"product_brand","embeddable":true,"href":"https:\/\/www.printings-n.com\/es\/wp-json\/wp\/v2\/product_brand?post=4441"},{"taxonomy":"product_cat","embeddable":true,"href":"https:\/\/www.printings-n.com\/es\/wp-json\/wp\/v2\/product_cat?post=4441"},{"taxonomy":"product_tag","embeddable":true,"href":"https:\/\/www.printings-n.com\/es\/wp-json\/wp\/v2\/product_tag?post=4441"}],"curies":[{"name":"wp","href":"https:\/\/api.w.org\/{rel}","templated":true}]}}