{"id":4428,"date":"2024-12-01T09:25:48","date_gmt":"2024-12-01T09:25:48","guid":{"rendered":"https:\/\/www.printings-n.com\/produit\/agendas-classiques-eurotopbalacrondiary-2\/"},"modified":"2024-12-01T09:25:49","modified_gmt":"2024-12-01T09:25:49","slug":"eurotopbalacrondiario-2-diarios-clasicos","status":"publish","type":"product","link":"https:\/\/www.printings-n.com\/es\/producto\/eurotopbalacrondiario-2-diarios-clasicos\/","title":{"rendered":"Agenda A5 Eurotop Balacron 6 idiomas"},"content":{"rendered":"<p>Mant\u00e9ngase organizado con esta elegante agenda de escritorio disponible en seis idiomas: ingl\u00e9s, neerland\u00e9s, franc\u00e9s, alem\u00e1n, italiano y espa\u00f1ol. Presenta una resistente cubierta acolchada con el a\u00f1o grabado en el anverso y un dise\u00f1o de una p\u00e1gina por d\u00eda. Las pr\u00e1cticas esquinas de fecha desmontables facilitan el seguimiento, mientras que el planificador anual y el espacio extra para notas ayudan a mantener los proyectos bajo control. Tama\u00f1o cercano al A5, perfecto.<\/p>","protected":false},"excerpt":{"rendered":"<p>Restez organis\u00e9 avec cet agenda de bureau intelligent disponible en six langues : anglais, n\u00e9erlandais, fran\u00e7ais, allemand, italien et espagnol. Dot\u00e9 d&#039;une couverture matelass\u00e9e durable avec l&#039;ann\u00e9e emboss\u00e9e sur le devant, il comprend une mise en page d&#039;une page par jour. Les coins dat\u00e9s d\u00e9tachables pratiques permettent un suivi facile, tandis que le planificateur annuel [&hellip;]<\/p>\n","protected":false},"featured_media":4429,"comment_status":"open","ping_status":"closed","template":"","meta":[],"product_brand":[],"product_cat":[105],"product_tag":[],"class_list":{"0":"post-4428","1":"product","2":"type-product","3":"status-publish","4":"has-post-thumbnail","6":"product_cat-fournitures-de-bureau","8":"first","9":"instock","10":"taxable","11":"shipping-taxable","12":"product-type-simple"},"_links":{"self":[{"href":"https:\/\/www.printings-n.com\/es\/wp-json\/wp\/v2\/product\/4428","targetHints":{"allow":["GET"]}}],"collection":[{"href":"https:\/\/www.printings-n.com\/es\/wp-json\/wp\/v2\/product"}],"about":[{"href":"https:\/\/www.printings-n.com\/es\/wp-json\/wp\/v2\/types\/product"}],"replies":[{"embeddable":true,"href":"https:\/\/www.printings-n.com\/es\/wp-json\/wp\/v2\/comments?post=4428"}],"wp:featuredmedia":[{"embeddable":true,"href":"https:\/\/www.printings-n.com\/es\/wp-json\/wp\/v2\/media\/4429"}],"wp:attachment":[{"href":"https:\/\/www.printings-n.com\/es\/wp-json\/wp\/v2\/media?parent=4428"}],"wp:term":[{"taxonomy":"product_brand","embeddable":true,"href":"https:\/\/www.printings-n.com\/es\/wp-json\/wp\/v2\/product_brand?post=4428"},{"taxonomy":"product_cat","embeddable":true,"href":"https:\/\/www.printings-n.com\/es\/wp-json\/wp\/v2\/product_cat?post=4428"},{"taxonomy":"product_tag","embeddable":true,"href":"https:\/\/www.printings-n.com\/es\/wp-json\/wp\/v2\/product_tag?post=4428"}],"curies":[{"name":"wp","href":"https:\/\/api.w.org\/{rel}","templated":true}]}}