{"id":4250,"date":"2024-12-01T09:11:22","date_gmt":"2024-12-01T09:11:22","guid":{"rendered":"https:\/\/www.printings-n.com\/produit\/stylo-en-plastique-avec-clip-translucide-x8smoothtouchpen\/"},"modified":"2024-12-01T09:11:22","modified_gmt":"2024-12-01T09:11:22","slug":"stylo-en-plastique-avec-clip-translucide-x8smoothtouchpen","status":"publish","type":"product","link":"https:\/\/www.printings-n.com\/es\/producto\/stylo-en-plastique-avec-clip-translucide-x8smoothtouchpen\/","title":{"rendered":"Bol\u00edgrafo de pl\u00e1stico con clip transl\u00facido"},"content":{"rendered":"<p>Ce stylo pr\u00e9sente une pointe et un accent de piston chrom\u00e9s, associ\u00e9s \u00e0 une finition smooth-touch pour un confort d&#039;\u00e9criture suppl\u00e9mentaire. Parfait pour diffuser le message de votre marque, il comprend une recharge d&#039;encre bleue allemande Dokumental\u00ae avec une bille TC pour une \u00e9criture ultra douce, offrant une longueur d&#039;\u00e9criture d&#039;environ 1200m.<\/p>","protected":false},"excerpt":{"rendered":"<p>Ce stylo pr\u00e9sente une pointe et un accent de piston chrom\u00e9s, associ\u00e9s \u00e0 une finition smooth-touch pour un confort d&#039;\u00e9criture suppl\u00e9mentaire. Parfait pour diffuser le message de votre marque, il comprend une recharge d&#039;encre bleue allemande Dokumental\u00ae avec une bille TC pour une \u00e9criture ultra douce, offrant une longueur d&#039;\u00e9criture d&#039;environ 1200m.<\/p>","protected":false},"featured_media":4251,"comment_status":"open","ping_status":"closed","template":"","meta":[],"product_brand":[],"product_cat":[103],"product_tag":[],"class_list":{"0":"post-4250","1":"product","2":"type-product","3":"status-publish","4":"has-post-thumbnail","6":"product_cat-stylos","8":"first","9":"instock","10":"taxable","11":"shipping-taxable","12":"product-type-simple"},"_links":{"self":[{"href":"https:\/\/www.printings-n.com\/es\/wp-json\/wp\/v2\/product\/4250","targetHints":{"allow":["GET"]}}],"collection":[{"href":"https:\/\/www.printings-n.com\/es\/wp-json\/wp\/v2\/product"}],"about":[{"href":"https:\/\/www.printings-n.com\/es\/wp-json\/wp\/v2\/types\/product"}],"replies":[{"embeddable":true,"href":"https:\/\/www.printings-n.com\/es\/wp-json\/wp\/v2\/comments?post=4250"}],"wp:featuredmedia":[{"embeddable":true,"href":"https:\/\/www.printings-n.com\/es\/wp-json\/wp\/v2\/media\/4251"}],"wp:attachment":[{"href":"https:\/\/www.printings-n.com\/es\/wp-json\/wp\/v2\/media?parent=4250"}],"wp:term":[{"taxonomy":"product_brand","embeddable":true,"href":"https:\/\/www.printings-n.com\/es\/wp-json\/wp\/v2\/product_brand?post=4250"},{"taxonomy":"product_cat","embeddable":true,"href":"https:\/\/www.printings-n.com\/es\/wp-json\/wp\/v2\/product_cat?post=4250"},{"taxonomy":"product_tag","embeddable":true,"href":"https:\/\/www.printings-n.com\/es\/wp-json\/wp\/v2\/product_tag?post=4250"}],"curies":[{"name":"wp","href":"https:\/\/api.w.org\/{rel}","templated":true}]}}