{"id":4236,"date":"2024-12-01T09:10:57","date_gmt":"2024-12-01T09:10:57","guid":{"rendered":"https:\/\/www.printings-n.com\/produit\/stylo-bille-nash-argent-avec-grip-colore-nashballpointpensilverbarrelandcolouredgrip\/"},"modified":"2024-12-01T09:10:58","modified_gmt":"2024-12-01T09:10:58","slug":"stylo-bille-nash-argent-avec-grip-colore-nashballpointpensilverbarrelandcolouredgrip","status":"publish","type":"product","link":"https:\/\/www.printings-n.com\/es\/producto\/stylo-bille-nash-argent-avec-grip-colore-nashballpointpensilverbarrelandcolouredgrip\/","title":{"rendered":"Biros Nash plateados con empu\u00f1adura de color"},"content":{"rendered":"<p>Ce stylo argent\u00e9 offre une exp\u00e9rience d&#039;\u00e9criture \u00e9l\u00e9gante avec son aspect argent\u00e9 et sa prise en main confortable. Personnalisez ce stylo avec votre propre impression en couleur pour une touche unique. Id\u00e9al pour les cadeaux d&#039;affaires, la promotion ou en tant que cadeau personnel. D\u00e9couvrez le plaisir de l&#039;\u00e9criture personnalis\u00e9e avec ce stylo argent\u00e9 \u00e9l\u00e9gant !<\/p>","protected":false},"excerpt":{"rendered":"<p>Ce stylo argent\u00e9 offre une exp\u00e9rience d&#039;\u00e9criture \u00e9l\u00e9gante avec son aspect argent\u00e9 et sa prise en main confortable. Personnalisez ce stylo avec votre propre impression en couleur pour une touche unique. Id\u00e9al pour les cadeaux d&#039;affaires, la promotion ou en tant que cadeau personnel. D\u00e9couvrez le plaisir de l&#039;\u00e9criture personnalis\u00e9e avec ce stylo argent\u00e9 \u00e9l\u00e9gant [&hellip;]<\/p>\n","protected":false},"featured_media":4238,"comment_status":"open","ping_status":"closed","template":"","meta":[],"product_brand":[],"product_cat":[103],"product_tag":[],"class_list":{"0":"post-4236","1":"product","2":"type-product","3":"status-publish","4":"has-post-thumbnail","6":"product_cat-stylos","8":"first","9":"instock","10":"taxable","11":"shipping-taxable","12":"product-type-simple"},"_links":{"self":[{"href":"https:\/\/www.printings-n.com\/es\/wp-json\/wp\/v2\/product\/4236","targetHints":{"allow":["GET"]}}],"collection":[{"href":"https:\/\/www.printings-n.com\/es\/wp-json\/wp\/v2\/product"}],"about":[{"href":"https:\/\/www.printings-n.com\/es\/wp-json\/wp\/v2\/types\/product"}],"replies":[{"embeddable":true,"href":"https:\/\/www.printings-n.com\/es\/wp-json\/wp\/v2\/comments?post=4236"}],"wp:featuredmedia":[{"embeddable":true,"href":"https:\/\/www.printings-n.com\/es\/wp-json\/wp\/v2\/media\/4238"}],"wp:attachment":[{"href":"https:\/\/www.printings-n.com\/es\/wp-json\/wp\/v2\/media?parent=4236"}],"wp:term":[{"taxonomy":"product_brand","embeddable":true,"href":"https:\/\/www.printings-n.com\/es\/wp-json\/wp\/v2\/product_brand?post=4236"},{"taxonomy":"product_cat","embeddable":true,"href":"https:\/\/www.printings-n.com\/es\/wp-json\/wp\/v2\/product_cat?post=4236"},{"taxonomy":"product_tag","embeddable":true,"href":"https:\/\/www.printings-n.com\/es\/wp-json\/wp\/v2\/product_tag?post=4236"}],"curies":[{"name":"wp","href":"https:\/\/api.w.org\/{rel}","templated":true}]}}