{"id":4234,"date":"2024-12-01T09:10:55","date_gmt":"2024-12-01T09:10:55","guid":{"rendered":"https:\/\/www.printings-n.com\/produit\/stylo-avec-clip-boule-jollypen\/"},"modified":"2024-12-01T09:10:56","modified_gmt":"2024-12-01T09:10:56","slug":"boligrafo-jollypen-con-clip","status":"publish","type":"product","link":"https:\/\/www.printings-n.com\/es\/producto\/boligrafo-jollypen-con-clip\/","title":{"rendered":"Bol\u00edgrafo con clip"},"content":{"rendered":"<p>Este birrete a\u00f1ade un toque de elegancia a su escritura con su distintivo dise\u00f1o de pulsador. La tinta azul fluida es ideal para las notas cotidianas, mientras que el mecanismo de pulsador a\u00f1ade un toque de estilo. Perfecto para a\u00f1adir personalidad a su colecci\u00f3n de papeler\u00eda.<\/p>","protected":false},"excerpt":{"rendered":"<p>Este birrete a\u00f1ade un toque de elegancia a su escritura con su distintivo dise\u00f1o de pulsador. La tinta azul fluida es ideal para las notas cotidianas, mientras que el mecanismo de pulsador a\u00f1ade un toque de estilo. Perfecto para a\u00f1adir personalidad a su colecci\u00f3n de papeler\u00eda.<\/p>","protected":false},"featured_media":4235,"comment_status":"open","ping_status":"closed","template":"","meta":[],"product_brand":[],"product_cat":[103],"product_tag":[],"class_list":{"0":"post-4234","1":"product","2":"type-product","3":"status-publish","4":"has-post-thumbnail","6":"product_cat-stylos","8":"first","9":"instock","10":"taxable","11":"shipping-taxable","12":"product-type-simple"},"_links":{"self":[{"href":"https:\/\/www.printings-n.com\/es\/wp-json\/wp\/v2\/product\/4234","targetHints":{"allow":["GET"]}}],"collection":[{"href":"https:\/\/www.printings-n.com\/es\/wp-json\/wp\/v2\/product"}],"about":[{"href":"https:\/\/www.printings-n.com\/es\/wp-json\/wp\/v2\/types\/product"}],"replies":[{"embeddable":true,"href":"https:\/\/www.printings-n.com\/es\/wp-json\/wp\/v2\/comments?post=4234"}],"wp:featuredmedia":[{"embeddable":true,"href":"https:\/\/www.printings-n.com\/es\/wp-json\/wp\/v2\/media\/4235"}],"wp:attachment":[{"href":"https:\/\/www.printings-n.com\/es\/wp-json\/wp\/v2\/media?parent=4234"}],"wp:term":[{"taxonomy":"product_brand","embeddable":true,"href":"https:\/\/www.printings-n.com\/es\/wp-json\/wp\/v2\/product_brand?post=4234"},{"taxonomy":"product_cat","embeddable":true,"href":"https:\/\/www.printings-n.com\/es\/wp-json\/wp\/v2\/product_cat?post=4234"},{"taxonomy":"product_tag","embeddable":true,"href":"https:\/\/www.printings-n.com\/es\/wp-json\/wp\/v2\/product_tag?post=4234"}],"curies":[{"name":"wp","href":"https:\/\/api.w.org\/{rel}","templated":true}]}}