{"id":4220,"date":"2024-12-01T09:10:29","date_gmt":"2024-12-01T09:10:29","guid":{"rendered":"https:\/\/www.printings-n.com\/produit\/stylo-bic-clic-stic-bicclicsticballpen\/"},"modified":"2024-12-01T09:10:30","modified_gmt":"2024-12-01T09:10:30","slug":"boligrafo-bic-clic-stic-bicclicsticballpen","status":"publish","type":"product","link":"https:\/\/www.printings-n.com\/es\/producto\/boligrafo-bic-clic-stic-bicclicsticballpen\/","title":{"rendered":"Bol\u00edgrafo BIC Clic Stic"},"content":{"rendered":"<p>Moderno, flexible y fiable: \u00a1as\u00ed es el BIC\u00ae Clic Stic! Este bol\u00edgrafo combina detalles de color mate y esmerilado para una m\u00e1xima personalizaci\u00f3n. Ideal para mostrar su marca con estilo.<\/p>","protected":false},"excerpt":{"rendered":"<p>Moderno, flexible y fiable: \u00a1as\u00ed es el BIC\u00ae Clic Stic! Este bol\u00edgrafo combina detalles de color mate y esmerilado para una m\u00e1xima personalizaci\u00f3n. Ideal para mostrar su marca con estilo.<\/p>","protected":false},"featured_media":4221,"comment_status":"open","ping_status":"closed","template":"","meta":[],"product_brand":[],"product_cat":[103],"product_tag":[],"class_list":{"0":"post-4220","1":"product","2":"type-product","3":"status-publish","4":"has-post-thumbnail","6":"product_cat-stylos","8":"first","9":"instock","10":"taxable","11":"shipping-taxable","12":"product-type-simple"},"_links":{"self":[{"href":"https:\/\/www.printings-n.com\/es\/wp-json\/wp\/v2\/product\/4220","targetHints":{"allow":["GET"]}}],"collection":[{"href":"https:\/\/www.printings-n.com\/es\/wp-json\/wp\/v2\/product"}],"about":[{"href":"https:\/\/www.printings-n.com\/es\/wp-json\/wp\/v2\/types\/product"}],"replies":[{"embeddable":true,"href":"https:\/\/www.printings-n.com\/es\/wp-json\/wp\/v2\/comments?post=4220"}],"wp:featuredmedia":[{"embeddable":true,"href":"https:\/\/www.printings-n.com\/es\/wp-json\/wp\/v2\/media\/4221"}],"wp:attachment":[{"href":"https:\/\/www.printings-n.com\/es\/wp-json\/wp\/v2\/media?parent=4220"}],"wp:term":[{"taxonomy":"product_brand","embeddable":true,"href":"https:\/\/www.printings-n.com\/es\/wp-json\/wp\/v2\/product_brand?post=4220"},{"taxonomy":"product_cat","embeddable":true,"href":"https:\/\/www.printings-n.com\/es\/wp-json\/wp\/v2\/product_cat?post=4220"},{"taxonomy":"product_tag","embeddable":true,"href":"https:\/\/www.printings-n.com\/es\/wp-json\/wp\/v2\/product_tag?post=4220"}],"curies":[{"name":"wp","href":"https:\/\/api.w.org\/{rel}","templated":true}]}}