{"id":3936,"date":"2024-12-01T08:58:22","date_gmt":"2024-12-01T08:58:22","guid":{"rendered":"https:\/\/www.printings-n.com\/produit\/sac-weekend-swiss-peak-voyager-en-rpet-aware-swisspeakawarerpetvoyagerweekendbag\/"},"modified":"2024-12-01T08:58:23","modified_gmt":"2024-12-01T08:58:23","slug":"bolsa-fin-de-semana-swiss-peak-voyager-en-rpet-aware-swisspeakawarerpetvoyagerweekendbag","status":"publish","type":"product","link":"https:\/\/www.printings-n.com\/es\/producto\/bolsa-fin-de-semana-swiss-peak-voyager-en-rpet-aware-swisspeakawarerpetvoyagerweekendbag\/","title":{"rendered":"Bolsa de fin de semana Swiss Peak Voyager en AWARE rPET"},"content":{"rendered":"<p>La bolsa de fin de semana Swiss Peak Voyager en rPET AWARE es una versi\u00f3n moderna de una bolsa de viaje, dise\u00f1ada con materiales respetuosos con el medio ambiente. Est\u00e1 hecha de poli\u00e9ster reciclado 1680D para el exterior, adornado con detalles de PU de alta calidad, mientras que el interior est\u00e1 forrado con poli\u00e9ster reciclado 150D. Esta bolsa es la compa\u00f1era perfecta para un fin de semana fuera. Cuenta con un amplio compartimento principal y un bolsillo interior con cremallera para mantener tus pertenencias organizadas. El bolsillo frontal con cremallera tiene varios compartimentos para una pr\u00e1ctica organizaci\u00f3n interna. Tambi\u00e9n cuenta con una etiqueta de equipaje y bolsillos anti-RFID. En resumen, es imprescindible para un fin de semana de relax. Est\u00e1 fabricada con poli\u00e9ster reciclado, tanto en el exterior como en el interior, para que tu viaje sea sostenible.<\/p>","protected":false},"excerpt":{"rendered":"<p>Sac weekend Swiss Peak Voyager en rPET AWARE est une version moderne d&#039;un sac de voyage, con\u00e7u avec des mat\u00e9riaux respectueux de l&#039;environnement. Il est fabriqu\u00e9 \u00e0 partir de polyester recycl\u00e9 1680D pour l&#039;ext\u00e9rieur, agr\u00e9ment\u00e9 de d\u00e9tails en PU de haute qualit\u00e9, tandis que l&#039;int\u00e9rieur est doubl\u00e9 de polyester recycl\u00e9 150D. Ce sac est le [&hellip;]<\/p>\n","protected":false},"featured_media":3937,"comment_status":"open","ping_status":"closed","template":"","meta":[],"product_brand":[],"product_cat":[102],"product_tag":[],"class_list":{"0":"post-3936","1":"product","2":"type-product","3":"status-publish","4":"has-post-thumbnail","6":"product_cat-sacs","8":"first","9":"instock","10":"taxable","11":"shipping-taxable","12":"product-type-simple"},"_links":{"self":[{"href":"https:\/\/www.printings-n.com\/es\/wp-json\/wp\/v2\/product\/3936","targetHints":{"allow":["GET"]}}],"collection":[{"href":"https:\/\/www.printings-n.com\/es\/wp-json\/wp\/v2\/product"}],"about":[{"href":"https:\/\/www.printings-n.com\/es\/wp-json\/wp\/v2\/types\/product"}],"replies":[{"embeddable":true,"href":"https:\/\/www.printings-n.com\/es\/wp-json\/wp\/v2\/comments?post=3936"}],"wp:featuredmedia":[{"embeddable":true,"href":"https:\/\/www.printings-n.com\/es\/wp-json\/wp\/v2\/media\/3937"}],"wp:attachment":[{"href":"https:\/\/www.printings-n.com\/es\/wp-json\/wp\/v2\/media?parent=3936"}],"wp:term":[{"taxonomy":"product_brand","embeddable":true,"href":"https:\/\/www.printings-n.com\/es\/wp-json\/wp\/v2\/product_brand?post=3936"},{"taxonomy":"product_cat","embeddable":true,"href":"https:\/\/www.printings-n.com\/es\/wp-json\/wp\/v2\/product_cat?post=3936"},{"taxonomy":"product_tag","embeddable":true,"href":"https:\/\/www.printings-n.com\/es\/wp-json\/wp\/v2\/product_tag?post=3936"}],"curies":[{"name":"wp","href":"https:\/\/api.w.org\/{rel}","templated":true}]}}