{"id":3928,"date":"2024-12-01T08:57:59","date_gmt":"2024-12-01T08:57:59","guid":{"rendered":"https:\/\/www.printings-n.com\/produit\/sacs-papier-de-luxe-luxurykraftbags-2\/"},"modified":"2024-12-01T08:57:59","modified_gmt":"2024-12-01T08:57:59","slug":"sacs-papier-de-luxe-luxurykraftbags-2","status":"publish","type":"product","link":"https:\/\/www.printings-n.com\/es\/producto\/sacs-papier-de-luxe-luxurykraftbags-2\/","title":{"rendered":"Bolsas de papel de lujo"},"content":{"rendered":"<p>\u00bfBusca una bolsa especial para meter sus productos? Las bolsas de papel para regalo ser\u00e1n tus favoritas. Gracias al acabado laminado brillante, tu dise\u00f1o tendr\u00e1 un aspecto elegante y sofisticado, dando a tu marca ese toque especial. Ideales para presentaciones y regalos, puedes imprimir tus bolsas de regalo a partir de 100 unidades. \u00a1Personal\u00edzalas y haz tu pedido ahora!<\/p>","protected":false},"excerpt":{"rendered":"<p>Vous cherchez un sac sp\u00e9cial dans lequel mettre vos articles et produits ? Les sacs cadeaux en papier seront vos pr\u00e9f\u00e9r\u00e9s ! Gr\u00e2ce \u00e0 la finition en pelliculage brillant, votre design aura un aspect \u00e9l\u00e9gant et sophistiqu\u00e9, donnant \u00e0 votre marque une touche sp\u00e9ciale. Id\u00e9al pour les pr\u00e9sentations et les cadeaux publicitaires, vous pouvez faire [&hellip;]<\/p>\n","protected":false},"featured_media":3929,"comment_status":"open","ping_status":"closed","template":"","meta":[],"product_brand":[],"product_cat":[102],"product_tag":[],"class_list":{"0":"post-3928","1":"product","2":"type-product","3":"status-publish","4":"has-post-thumbnail","6":"product_cat-sacs","8":"first","9":"instock","10":"taxable","11":"shipping-taxable","12":"product-type-simple"},"_links":{"self":[{"href":"https:\/\/www.printings-n.com\/es\/wp-json\/wp\/v2\/product\/3928","targetHints":{"allow":["GET"]}}],"collection":[{"href":"https:\/\/www.printings-n.com\/es\/wp-json\/wp\/v2\/product"}],"about":[{"href":"https:\/\/www.printings-n.com\/es\/wp-json\/wp\/v2\/types\/product"}],"replies":[{"embeddable":true,"href":"https:\/\/www.printings-n.com\/es\/wp-json\/wp\/v2\/comments?post=3928"}],"wp:featuredmedia":[{"embeddable":true,"href":"https:\/\/www.printings-n.com\/es\/wp-json\/wp\/v2\/media\/3929"}],"wp:attachment":[{"href":"https:\/\/www.printings-n.com\/es\/wp-json\/wp\/v2\/media?parent=3928"}],"wp:term":[{"taxonomy":"product_brand","embeddable":true,"href":"https:\/\/www.printings-n.com\/es\/wp-json\/wp\/v2\/product_brand?post=3928"},{"taxonomy":"product_cat","embeddable":true,"href":"https:\/\/www.printings-n.com\/es\/wp-json\/wp\/v2\/product_cat?post=3928"},{"taxonomy":"product_tag","embeddable":true,"href":"https:\/\/www.printings-n.com\/es\/wp-json\/wp\/v2\/product_tag?post=3928"}],"curies":[{"name":"wp","href":"https:\/\/api.w.org\/{rel}","templated":true}]}}