{"id":3653,"date":"2024-11-30T23:18:59","date_gmt":"2024-11-30T23:18:59","guid":{"rendered":"https:\/\/www.printings-n.com\/produit\/carnet-a5-a-couverture-souple-classica5softcovernotebook\/"},"modified":"2024-11-30T23:19:00","modified_gmt":"2024-11-30T23:19:00","slug":"cuaderno-a5-tapa-blanda-classica5softcovernotebook","status":"publish","type":"product","link":"https:\/\/www.printings-n.com\/es\/producto\/cuaderno-a5-tapa-blanda-classica5softcovernotebook\/","title":{"rendered":"Cuaderno A5 tapa blanda"},"content":{"rendered":"<p>Descubra la elegancia funcional con nuestro cuaderno A5 de tapas blandas. La lujosa tapa, reforzada con un cierre el\u00e1stico integrado, invita a tomar notas sin esfuerzo. El marcap\u00e1ginas de cinta y el bolsillo interior para documentos a\u00f1aden estilo y comodidad. Deje que 80 hojas de papel rayado capturen sus notas. Fabricado en pl\u00e1stico termopl\u00e1stico PU de alta calidad.<\/p>","protected":false},"excerpt":{"rendered":"<p>D\u00e9couvrez l&#039;\u00e9l\u00e9gance fonctionnelle avec notre Carnet A5 \u00e0 couverture souple. La couverture luxueuse, renforc\u00e9e par une fermeture \u00e9lastique int\u00e9gr\u00e9e, invite \u00e0 prendre des notes sans effort. Le signet en ruban et la poche interne pour les documents ajoutent style et commodit\u00e9. Laissez 80 feuilles de papier lign\u00e9 capturer vos notes. Fabriqu\u00e9 en plastique Thermo PU [&hellip;]<\/p>\n","protected":false},"featured_media":3654,"comment_status":"open","ping_status":"closed","template":"","meta":[],"product_brand":[],"product_cat":[88],"product_tag":[],"class_list":{"0":"post-3653","1":"product","2":"type-product","3":"status-publish","4":"has-post-thumbnail","6":"product_cat-carnets-cahiers","8":"first","9":"instock","10":"taxable","11":"shipping-taxable","12":"product-type-simple"},"_links":{"self":[{"href":"https:\/\/www.printings-n.com\/es\/wp-json\/wp\/v2\/product\/3653","targetHints":{"allow":["GET"]}}],"collection":[{"href":"https:\/\/www.printings-n.com\/es\/wp-json\/wp\/v2\/product"}],"about":[{"href":"https:\/\/www.printings-n.com\/es\/wp-json\/wp\/v2\/types\/product"}],"replies":[{"embeddable":true,"href":"https:\/\/www.printings-n.com\/es\/wp-json\/wp\/v2\/comments?post=3653"}],"wp:featuredmedia":[{"embeddable":true,"href":"https:\/\/www.printings-n.com\/es\/wp-json\/wp\/v2\/media\/3654"}],"wp:attachment":[{"href":"https:\/\/www.printings-n.com\/es\/wp-json\/wp\/v2\/media?parent=3653"}],"wp:term":[{"taxonomy":"product_brand","embeddable":true,"href":"https:\/\/www.printings-n.com\/es\/wp-json\/wp\/v2\/product_brand?post=3653"},{"taxonomy":"product_cat","embeddable":true,"href":"https:\/\/www.printings-n.com\/es\/wp-json\/wp\/v2\/product_cat?post=3653"},{"taxonomy":"product_tag","embeddable":true,"href":"https:\/\/www.printings-n.com\/es\/wp-json\/wp\/v2\/product_tag?post=3653"}],"curies":[{"name":"wp","href":"https:\/\/api.w.org\/{rel}","templated":true}]}}