{"id":3629,"date":"2024-11-30T23:18:11","date_gmt":"2024-11-30T23:18:11","guid":{"rendered":"https:\/\/www.printings-n.com\/produit\/carnet-a5-spirale-luxe-biancoa5wireo\/"},"modified":"2024-11-30T23:18:11","modified_gmt":"2024-11-30T23:18:11","slug":"a5-deluxe-cuaderno-espiral-biancoa5wireo","status":"publish","type":"product","link":"https:\/\/www.printings-n.com\/es\/producto\/a5-deluxe-cuaderno-espiral-biancoa5wireo\/","title":{"rendered":"A5 Cuaderno de lujo con espiral"},"content":{"rendered":"<p>Descubra la combinaci\u00f3n perfecta de durabilidad y versatilidad en nuestro lujoso cuaderno de espiral A5. Fabricado de forma responsable a partir de residuos de algod\u00f3n, incluye 80 hojas de papel reciclado 100 % con cuadr\u00edcula de puntos. Este dise\u00f1o \u00fanico proporciona estructura y fomenta la creatividad. Tanto si est\u00e1 dibujando, escribiendo o planificando, este cuaderno se adapta a sus necesidades a la vez que permanece plano para facilitar su uso.<\/p>","protected":false},"excerpt":{"rendered":"<p>D\u00e9couvrez le m\u00e9lange parfait de durabilit\u00e9 et de polyvalence dans notre Carnet A5 spirale Luxe. Fabriqu\u00e9 de mani\u00e8re responsable \u00e0 partir de d\u00e9chets de coton , il comprend 80 feuilles de papier 100 % recycl\u00e9 avec une grille \u00e0 points. Cette conception unique offre une structure et favorise la cr\u00e9ativit\u00e9. Que vous dessiniez, \u00e9criviez ou [&hellip;]<\/p>\n","protected":false},"featured_media":3630,"comment_status":"open","ping_status":"closed","template":"","meta":[],"product_brand":[],"product_cat":[88],"product_tag":[],"class_list":{"0":"post-3629","1":"product","2":"type-product","3":"status-publish","4":"has-post-thumbnail","6":"product_cat-carnets-cahiers","8":"first","9":"instock","10":"taxable","11":"shipping-taxable","12":"product-type-simple"},"_links":{"self":[{"href":"https:\/\/www.printings-n.com\/es\/wp-json\/wp\/v2\/product\/3629","targetHints":{"allow":["GET"]}}],"collection":[{"href":"https:\/\/www.printings-n.com\/es\/wp-json\/wp\/v2\/product"}],"about":[{"href":"https:\/\/www.printings-n.com\/es\/wp-json\/wp\/v2\/types\/product"}],"replies":[{"embeddable":true,"href":"https:\/\/www.printings-n.com\/es\/wp-json\/wp\/v2\/comments?post=3629"}],"wp:featuredmedia":[{"embeddable":true,"href":"https:\/\/www.printings-n.com\/es\/wp-json\/wp\/v2\/media\/3630"}],"wp:attachment":[{"href":"https:\/\/www.printings-n.com\/es\/wp-json\/wp\/v2\/media?parent=3629"}],"wp:term":[{"taxonomy":"product_brand","embeddable":true,"href":"https:\/\/www.printings-n.com\/es\/wp-json\/wp\/v2\/product_brand?post=3629"},{"taxonomy":"product_cat","embeddable":true,"href":"https:\/\/www.printings-n.com\/es\/wp-json\/wp\/v2\/product_cat?post=3629"},{"taxonomy":"product_tag","embeddable":true,"href":"https:\/\/www.printings-n.com\/es\/wp-json\/wp\/v2\/product_tag?post=3629"}],"curies":[{"name":"wp","href":"https:\/\/api.w.org\/{rel}","templated":true}]}}