{"id":3388,"date":"2024-11-30T23:04:59","date_gmt":"2024-11-30T23:04:59","guid":{"rendered":"https:\/\/www.printings-n.com\/produit\/sweat-a-capuche-premium-sols-seattle-hoodieraglan280gsm\/"},"modified":"2024-11-30T23:05:00","modified_gmt":"2024-11-30T23:05:00","slug":"sudadera-con-capucha-premium-seattle-sols-hoodieraglan280gsm","status":"publish","type":"product","link":"https:\/\/www.printings-n.com\/es\/producto\/sudadera-con-capucha-premium-seattle-sols-hoodieraglan280gsm\/","title":{"rendered":"Sudadera con capucha premium de Sol's Seattle"},"content":{"rendered":"<p>Una sudadera con capucha personalizada con su propia marca en unos pocos clics. Esta sudadera bicolor con capucha de b\u00e9isbol es el regalo promocional ideal para tus empleados o clientes. Fabricada con un material c\u00e1lido, suave y de calidad, es un art\u00edculo imprescindible para impresionar a tus clientes. La sudadera de b\u00e9isbol con capucha es unisex y est\u00e1 hecha para llevarla varias veces. Puede pedir f\u00e1cilmente su sudadera con capucha de una sola pieza. Disponible en impresi\u00f3n digital o bordada.<\/p>","protected":false},"excerpt":{"rendered":"<p>Un sweat \u00e0 capuche personnalis\u00e9 avec votre propre marque en quelques clics. Ce sweat \u00e0 capuche bicolore baseball est le cadeau promotionnel id\u00e9al pour vos employ\u00e9s ou vos clients. Fabriqu\u00e9 dans un mat\u00e9riau chaud, doux et de qualit\u00e9, c&#039;est un article indispensable pour impressionner vos clients. Le sweat \u00e0 capuche de baseball est unisexe et [&hellip;]<\/p>\n","protected":false},"featured_media":3389,"comment_status":"open","ping_status":"closed","template":"","meta":[],"product_brand":[],"product_cat":[84],"product_tag":[],"class_list":{"0":"post-3388","1":"product","2":"type-product","3":"status-publish","4":"has-post-thumbnail","6":"product_cat-sweatshirts-a-capuche-et-pulls","8":"first","9":"instock","10":"taxable","11":"shipping-taxable","12":"product-type-simple"},"_links":{"self":[{"href":"https:\/\/www.printings-n.com\/es\/wp-json\/wp\/v2\/product\/3388","targetHints":{"allow":["GET"]}}],"collection":[{"href":"https:\/\/www.printings-n.com\/es\/wp-json\/wp\/v2\/product"}],"about":[{"href":"https:\/\/www.printings-n.com\/es\/wp-json\/wp\/v2\/types\/product"}],"replies":[{"embeddable":true,"href":"https:\/\/www.printings-n.com\/es\/wp-json\/wp\/v2\/comments?post=3388"}],"wp:featuredmedia":[{"embeddable":true,"href":"https:\/\/www.printings-n.com\/es\/wp-json\/wp\/v2\/media\/3389"}],"wp:attachment":[{"href":"https:\/\/www.printings-n.com\/es\/wp-json\/wp\/v2\/media?parent=3388"}],"wp:term":[{"taxonomy":"product_brand","embeddable":true,"href":"https:\/\/www.printings-n.com\/es\/wp-json\/wp\/v2\/product_brand?post=3388"},{"taxonomy":"product_cat","embeddable":true,"href":"https:\/\/www.printings-n.com\/es\/wp-json\/wp\/v2\/product_cat?post=3388"},{"taxonomy":"product_tag","embeddable":true,"href":"https:\/\/www.printings-n.com\/es\/wp-json\/wp\/v2\/product_tag?post=3388"}],"curies":[{"name":"wp","href":"https:\/\/api.w.org\/{rel}","templated":true}]}}