{"id":3381,"date":"2024-11-30T23:04:50","date_gmt":"2024-11-30T23:04:50","guid":{"rendered":"https:\/\/www.printings-n.com\/produit\/sweat-a-capuche-zippe-homme-awdisjh050\/"},"modified":"2024-11-30T23:04:50","modified_gmt":"2024-11-30T23:04:50","slug":"sudadera-con-cremallera-para-hombre-awdisjh050","status":"publish","type":"product","link":"https:\/\/www.printings-n.com\/es\/producto\/sudadera-con-cremallera-para-hombre-awdisjh050\/","title":{"rendered":"Sudadera con cremallera para hombre"},"content":{"rendered":"<p>\u00bfBuscas una sudadera con cremallera moderna y personalizable? Fabricada en algod\u00f3n y poli\u00e9ster, es duradera y c\u00f3moda.  Disponible en una amplia gama de colores, seguro que encuentras lo que necesitas. Puedes encargar f\u00e1cilmente tu sudadera con capucha de una sola pieza. Las sudaderas con capucha ofrecen una gran relaci\u00f3n calidad-precio. \u00bfNecesitas tus sudaderas con capucha cuanto antes? No hay problema, \u00a1estas sudaderas con capucha est\u00e1n disponibles con entrega r\u00e1pida!<br \/>\n&lt;br&gt;&lt;br&gt;<br \/>\nNota: En caso de gran demanda, nuestras existencias pueden fluctuar. En caso de escasez de existencias, elegiremos para usted la alternativa m\u00e1s cercana, con grandes similitudes en cuanto a calidad, talla y ajuste. S\u00f3lo pueden producirse ligeras variaciones en el color y la marca.<\/p>","protected":false},"excerpt":{"rendered":"<p>\u00cates-vous \u00e0 la recherche d&#039;un sweat \u00e0 capuche zipp\u00e9 personnalisable et tendence ? Fabriqu\u00e9 \u00e0 partir de coton et de polyester, il est durable et confortable. Disponible dans une large gamme de couleurs, vous \u00eates s\u00fbr de trouver ce dont vous avez besoin. Vous pouvez commander votre sweat \u00e0 capuche facilement \u00e0 partir d&#039;une seule [&hellip;]<\/p>\n","protected":false},"featured_media":3382,"comment_status":"open","ping_status":"closed","template":"","meta":[],"product_brand":[],"product_cat":[84],"product_tag":[],"class_list":{"0":"post-3381","1":"product","2":"type-product","3":"status-publish","4":"has-post-thumbnail","6":"product_cat-sweatshirts-a-capuche-et-pulls","8":"first","9":"instock","10":"taxable","11":"shipping-taxable","12":"product-type-simple"},"_links":{"self":[{"href":"https:\/\/www.printings-n.com\/es\/wp-json\/wp\/v2\/product\/3381","targetHints":{"allow":["GET"]}}],"collection":[{"href":"https:\/\/www.printings-n.com\/es\/wp-json\/wp\/v2\/product"}],"about":[{"href":"https:\/\/www.printings-n.com\/es\/wp-json\/wp\/v2\/types\/product"}],"replies":[{"embeddable":true,"href":"https:\/\/www.printings-n.com\/es\/wp-json\/wp\/v2\/comments?post=3381"}],"wp:featuredmedia":[{"embeddable":true,"href":"https:\/\/www.printings-n.com\/es\/wp-json\/wp\/v2\/media\/3382"}],"wp:attachment":[{"href":"https:\/\/www.printings-n.com\/es\/wp-json\/wp\/v2\/media?parent=3381"}],"wp:term":[{"taxonomy":"product_brand","embeddable":true,"href":"https:\/\/www.printings-n.com\/es\/wp-json\/wp\/v2\/product_brand?post=3381"},{"taxonomy":"product_cat","embeddable":true,"href":"https:\/\/www.printings-n.com\/es\/wp-json\/wp\/v2\/product_cat?post=3381"},{"taxonomy":"product_tag","embeddable":true,"href":"https:\/\/www.printings-n.com\/es\/wp-json\/wp\/v2\/product_tag?post=3381"}],"curies":[{"name":"wp","href":"https:\/\/api.w.org\/{rel}","templated":true}]}}