{"id":3117,"date":"2024-11-30T22:53:59","date_gmt":"2024-11-30T22:53:59","guid":{"rendered":"https:\/\/www.printings-n.com\/produit\/carnets-autocopiants-ncrpads\/"},"modified":"2024-11-30T22:54:00","modified_gmt":"2024-11-30T22:54:00","slug":"carnets-autocopiants-ncrpads","status":"publish","type":"product","link":"https:\/\/www.printings-n.com\/es\/producto\/carnets-autocopiants-ncrpads\/","title":{"rendered":"Cuadernos autocopiativos"},"content":{"rendered":"<p>Souvent utilis\u00e9s pour dupliquer des factures, les d\u00e9tails d&#039;une commande ou pour prendre des notes, les Carnets autocopiants permettent de reproduire tout ce que vous \u00e9crivez sur plusieurs copies \u00e0 la fois. Les feuilles de copies sont imprim\u00e9es en standard avec votre dessin en noir. Cr\u00e9ez vos Carnets autocopiants avec 25 ou 50 sets et choisissez parmi les formats A6, A5 et A4. Le moyen id\u00e9al pour gagner du temps !<br \/>\n&lt;br&gt;&lt;\/br&gt;<br \/>\nNote : Si le fond de votre visuel est en couleur, il sera imprim\u00e9 en gris sur la deuxi\u00e8me page. Si vous souhaitez que des lignes\/tableaux soient imprim\u00e9s, vous devez l&#039;ajouter \u00e0 votre visuel\/design.<\/p>","protected":false},"excerpt":{"rendered":"<p>Souvent utilis\u00e9s pour dupliquer des factures, les d\u00e9tails d&#039;une commande ou pour prendre des notes, les Carnets autocopiants permettent de reproduire tout ce que vous \u00e9crivez sur plusieurs copies \u00e0 la fois. Les feuilles de copies sont imprim\u00e9es en standard avec votre dessin en noir. Cr\u00e9ez vos Carnets autocopiants avec 25 ou 50 sets et [&hellip;]<\/p>\n","protected":false},"featured_media":3118,"comment_status":"open","ping_status":"closed","template":"","meta":[],"product_brand":[],"product_cat":[78],"product_tag":[],"class_list":{"0":"post-3117","1":"product","2":"type-product","3":"status-publish","4":"has-post-thumbnail","6":"product_cat-papeterie","8":"first","9":"instock","10":"taxable","11":"shipping-taxable","12":"product-type-simple"},"_links":{"self":[{"href":"https:\/\/www.printings-n.com\/es\/wp-json\/wp\/v2\/product\/3117","targetHints":{"allow":["GET"]}}],"collection":[{"href":"https:\/\/www.printings-n.com\/es\/wp-json\/wp\/v2\/product"}],"about":[{"href":"https:\/\/www.printings-n.com\/es\/wp-json\/wp\/v2\/types\/product"}],"replies":[{"embeddable":true,"href":"https:\/\/www.printings-n.com\/es\/wp-json\/wp\/v2\/comments?post=3117"}],"wp:featuredmedia":[{"embeddable":true,"href":"https:\/\/www.printings-n.com\/es\/wp-json\/wp\/v2\/media\/3118"}],"wp:attachment":[{"href":"https:\/\/www.printings-n.com\/es\/wp-json\/wp\/v2\/media?parent=3117"}],"wp:term":[{"taxonomy":"product_brand","embeddable":true,"href":"https:\/\/www.printings-n.com\/es\/wp-json\/wp\/v2\/product_brand?post=3117"},{"taxonomy":"product_cat","embeddable":true,"href":"https:\/\/www.printings-n.com\/es\/wp-json\/wp\/v2\/product_cat?post=3117"},{"taxonomy":"product_tag","embeddable":true,"href":"https:\/\/www.printings-n.com\/es\/wp-json\/wp\/v2\/product_tag?post=3117"}],"curies":[{"name":"wp","href":"https:\/\/api.w.org\/{rel}","templated":true}]}}