{"id":3094,"date":"2024-11-30T22:53:14","date_gmt":"2024-11-30T22:53:14","guid":{"rendered":"https:\/\/www.printings-n.com\/produit\/sous-mains-deskpads\/"},"modified":"2024-11-30T22:53:14","modified_gmt":"2024-11-30T22:53:14","slug":"deskpads","status":"publish","type":"product","link":"https:\/\/www.printings-n.com\/es\/producto\/deskpads\/","title":{"rendered":"Alfombrillas de escritorio"},"content":{"rendered":"<p>Vos sous-mains personnalis\u00e9s sont un moyen unique de promouvoir votre marque aupr\u00e8s de clients potentiels ou comme cadeau pour vos employ\u00e9s ! Combinez d\u00e8s maintenant vos sous-mains imprim\u00e9s avec des blocs-notes et des calendriers de chez [site_name] pour compl\u00e9ter votre gamme de papeterie promotionnelle !<br \/>\n&lt;br&gt;<\/p>\n","protected":false},"excerpt":{"rendered":"<p>Vos sous-mains personnalis\u00e9s sont un moyen unique de promouvoir votre marque aupr\u00e8s de clients potentiels ou comme cadeau pour vos employ\u00e9s ! Combinez d\u00e8s maintenant vos sous-mains imprim\u00e9s avec des blocs-notes et des calendriers de chez [site_name] pour compl\u00e9ter votre gamme de papeterie promotionnelle ! &lt;br&gt;<\/p>\n","protected":false},"featured_media":3095,"comment_status":"open","ping_status":"closed","template":"","meta":[],"product_brand":[],"product_cat":[78],"product_tag":[],"class_list":{"0":"post-3094","1":"product","2":"type-product","3":"status-publish","4":"has-post-thumbnail","6":"product_cat-papeterie","8":"first","9":"instock","10":"taxable","11":"shipping-taxable","12":"product-type-simple"},"_links":{"self":[{"href":"https:\/\/www.printings-n.com\/es\/wp-json\/wp\/v2\/product\/3094","targetHints":{"allow":["GET"]}}],"collection":[{"href":"https:\/\/www.printings-n.com\/es\/wp-json\/wp\/v2\/product"}],"about":[{"href":"https:\/\/www.printings-n.com\/es\/wp-json\/wp\/v2\/types\/product"}],"replies":[{"embeddable":true,"href":"https:\/\/www.printings-n.com\/es\/wp-json\/wp\/v2\/comments?post=3094"}],"wp:featuredmedia":[{"embeddable":true,"href":"https:\/\/www.printings-n.com\/es\/wp-json\/wp\/v2\/media\/3095"}],"wp:attachment":[{"href":"https:\/\/www.printings-n.com\/es\/wp-json\/wp\/v2\/media?parent=3094"}],"wp:term":[{"taxonomy":"product_brand","embeddable":true,"href":"https:\/\/www.printings-n.com\/es\/wp-json\/wp\/v2\/product_brand?post=3094"},{"taxonomy":"product_cat","embeddable":true,"href":"https:\/\/www.printings-n.com\/es\/wp-json\/wp\/v2\/product_cat?post=3094"},{"taxonomy":"product_tag","embeddable":true,"href":"https:\/\/www.printings-n.com\/es\/wp-json\/wp\/v2\/product_tag?post=3094"}],"curies":[{"name":"wp","href":"https:\/\/api.w.org\/{rel}","templated":true}]}}