{"id":3078,"date":"2024-11-30T22:51:47","date_gmt":"2024-11-30T22:51:47","guid":{"rendered":"https:\/\/www.printings-n.com\/produit\/brochure-a-reliure-spirale-wireobooklets\/"},"modified":"2024-11-30T22:52:02","modified_gmt":"2024-11-30T22:52:02","slug":"folletos-en-espiral-wireobooklets","status":"publish","type":"product","link":"https:\/\/www.printings-n.com\/es\/producto\/folletos-en-espiral-wireobooklets\/","title":{"rendered":"Folleto en espiral"},"content":{"rendered":"<p>Faites voyager vos lecteurs avec les brochures \u00e0 reliure spirale m\u00e9tallique imprim\u00e9s et personnalis\u00e9s de [site_name]. Ils sont durables et polyvalents, choisissez parmi une vari\u00e9t\u00e9 de types de papier et formats pour mettre en valeur vos projets professionnels ! Disponibles en petite et grande quantit\u00e9 et facilement personnalisable, votre message pourra facilement \u00eatre diffus\u00e9 aupr\u00e8s de votre audience. Commandez vos brochures \u00e0 reliure spirale d\u00e8s maintenant au meilleur prix !<br \/>\n&lt;br&gt;&lt;br&gt;<br \/>\nNote La reliure de nos livrets est de couleur argent\u00e9e. Souhaitez-vous une autre couleur pour votre reliure ? Veuillez demander un devis<br \/>\n&lt;br&gt;&lt;br&gt;<br \/>\nVous recherchez autre chose ? D\u00e9couvrez toute notre gamme de livrets, brochures et catalogues imprim\u00e9s !<\/p>\n","protected":false},"excerpt":{"rendered":"<p>Faites voyager vos lecteurs avec les brochures \u00e0 reliure spirale m\u00e9tallique imprim\u00e9s et personnalis\u00e9s de [site_name]. Ils sont durables et polyvalents, choisissez parmi une vari\u00e9t\u00e9 de types de papier et formats pour mettre en valeur vos projets professionnels ! Disponibles en petite et grande quantit\u00e9 et facilement personnalisable, votre message pourra facilement \u00eatre diffus\u00e9 aupr\u00e8s [&hellip;]<\/p>\n","protected":false},"featured_media":3079,"comment_status":"open","ping_status":"closed","template":"","meta":[],"product_brand":[],"product_cat":[77],"product_tag":[],"class_list":{"0":"post-3078","1":"product","2":"type-product","3":"status-publish","4":"has-post-thumbnail","6":"product_cat-brochures","8":"first","9":"instock","10":"taxable","11":"shipping-taxable","12":"product-type-simple"},"_links":{"self":[{"href":"https:\/\/www.printings-n.com\/es\/wp-json\/wp\/v2\/product\/3078","targetHints":{"allow":["GET"]}}],"collection":[{"href":"https:\/\/www.printings-n.com\/es\/wp-json\/wp\/v2\/product"}],"about":[{"href":"https:\/\/www.printings-n.com\/es\/wp-json\/wp\/v2\/types\/product"}],"replies":[{"embeddable":true,"href":"https:\/\/www.printings-n.com\/es\/wp-json\/wp\/v2\/comments?post=3078"}],"wp:featuredmedia":[{"embeddable":true,"href":"https:\/\/www.printings-n.com\/es\/wp-json\/wp\/v2\/media\/3079"}],"wp:attachment":[{"href":"https:\/\/www.printings-n.com\/es\/wp-json\/wp\/v2\/media?parent=3078"}],"wp:term":[{"taxonomy":"product_brand","embeddable":true,"href":"https:\/\/www.printings-n.com\/es\/wp-json\/wp\/v2\/product_brand?post=3078"},{"taxonomy":"product_cat","embeddable":true,"href":"https:\/\/www.printings-n.com\/es\/wp-json\/wp\/v2\/product_cat?post=3078"},{"taxonomy":"product_tag","embeddable":true,"href":"https:\/\/www.printings-n.com\/es\/wp-json\/wp\/v2\/product_tag?post=3078"}],"curies":[{"name":"wp","href":"https:\/\/api.w.org\/{rel}","templated":true}]}}