{"id":3052,"date":"2024-11-30T22:48:36","date_gmt":"2024-11-30T22:48:36","guid":{"rendered":"https:\/\/www.printings-n.com\/produit\/affiches-posters\/"},"modified":"2024-11-30T22:48:37","modified_gmt":"2024-11-30T22:48:37","slug":"carteles-carteles","status":"publish","type":"product","link":"https:\/\/www.printings-n.com\/es\/producto\/carteles-carteles\/","title":{"rendered":"Carteles"},"content":{"rendered":"<p>Vous cherchez \u00e0 annoncer votre prochain grand \u00e9v\u00e9nement, \u00e0 faire la publicit\u00e9 de votre derni\u00e8re promotion, ou simplement \u00e0 embellir vos murs ? Imprimez des affiches et posters chez [site_name]. Avec nos gabarits et notre service de design en ligne, il est facile de trouver les id\u00e9es d&#039;affiches parfaites pour embellir n&#039;importe quel espace ou cr\u00e9er une campagne color\u00e9e. Soyez cr\u00e9atif et cr\u00e9ez des affiches personnalis\u00e9es qui feront sensation !&lt;br&gt;<br \/>\nNote : Les affiches expos\u00e9es \u00e0 une chaleur prolong\u00e9e peuvent \u00eatre endommag\u00e9es.<\/p>\n","protected":false},"excerpt":{"rendered":"<p>Vous cherchez \u00e0 annoncer votre prochain grand \u00e9v\u00e9nement, \u00e0 faire la publicit\u00e9 de votre derni\u00e8re promotion, ou simplement \u00e0 embellir vos murs ? Imprimez des affiches et posters chez [site_name]. Avec nos gabarits et notre service de design en ligne, il est facile de trouver les id\u00e9es d&#039;affiches parfaites pour embellir n&#039;importe quel espace ou [&hellip;]<\/p>\n","protected":false},"featured_media":3053,"comment_status":"open","ping_status":"closed","template":"","meta":[],"product_brand":[],"product_cat":[75],"product_tag":[],"class_list":{"0":"post-3052","1":"product","2":"type-product","3":"status-publish","4":"has-post-thumbnail","6":"product_cat-affiches","8":"first","9":"instock","10":"taxable","11":"shipping-taxable","12":"product-type-simple"},"_links":{"self":[{"href":"https:\/\/www.printings-n.com\/es\/wp-json\/wp\/v2\/product\/3052","targetHints":{"allow":["GET"]}}],"collection":[{"href":"https:\/\/www.printings-n.com\/es\/wp-json\/wp\/v2\/product"}],"about":[{"href":"https:\/\/www.printings-n.com\/es\/wp-json\/wp\/v2\/types\/product"}],"replies":[{"embeddable":true,"href":"https:\/\/www.printings-n.com\/es\/wp-json\/wp\/v2\/comments?post=3052"}],"wp:featuredmedia":[{"embeddable":true,"href":"https:\/\/www.printings-n.com\/es\/wp-json\/wp\/v2\/media\/3053"}],"wp:attachment":[{"href":"https:\/\/www.printings-n.com\/es\/wp-json\/wp\/v2\/media?parent=3052"}],"wp:term":[{"taxonomy":"product_brand","embeddable":true,"href":"https:\/\/www.printings-n.com\/es\/wp-json\/wp\/v2\/product_brand?post=3052"},{"taxonomy":"product_cat","embeddable":true,"href":"https:\/\/www.printings-n.com\/es\/wp-json\/wp\/v2\/product_cat?post=3052"},{"taxonomy":"product_tag","embeddable":true,"href":"https:\/\/www.printings-n.com\/es\/wp-json\/wp\/v2\/product_tag?post=3052"}],"curies":[{"name":"wp","href":"https:\/\/api.w.org\/{rel}","templated":true}]}}