{"id":2939,"date":"2024-11-30T22:42:11","date_gmt":"2024-11-30T22:42:11","guid":{"rendered":"https:\/\/www.printings-n.com\/produit\/flutes-a-champagne-19-5-cl-glasschampagne019\/"},"modified":"2024-11-30T22:42:11","modified_gmt":"2024-11-30T22:42:11","slug":"copas-de-champan-19-5-cl-cristalchampagne019","status":"publish","type":"product","link":"https:\/\/www.printings-n.com\/es\/producto\/copas-de-champan-19-5-cl-cristalchampagne019\/","title":{"rendered":"Copas de champ\u00e1n 19,5 cl"},"content":{"rendered":"<p>\u00bfQu\u00e9 es una celebraci\u00f3n sin champ\u00e1n? Una copa de champ\u00e1n puede servir como broche de oro a\u00f1adiendo su logotipo o motivo. Pida copas a partir de 36 unidades y cel\u00e9brelo con estilo. Adem\u00e1s, nuestra cristaler\u00eda de alta calidad es resistente a los ara\u00f1azos y apta para el lavavajillas, \u00a1as\u00ed que no tendr\u00e1 que preocuparse por los ara\u00f1azos!<\/p>","protected":false},"excerpt":{"rendered":"<p>Qu&#039;est-ce qu&#039;une c\u00e9l\u00e9bration sans champagne ? Une coupe de champagne peut servir de point d&#039;orgue en ajoutant votre logo ou votre motif. Commandez les verres \u00e0 partir de 36 pi\u00e8ces et c\u00e9l\u00e9brez en toute \u00e9l\u00e9gance. Notre service en verre de haute qualit\u00e9 est \u00e9galement r\u00e9sistant aux rayures et au lave-vaisselle, plus besoin de s&#039;inqui\u00e9ter pour [&hellip;]<\/p>\n","protected":false},"featured_media":2940,"comment_status":"open","ping_status":"closed","template":"","meta":[],"product_brand":[],"product_cat":[74],"product_tag":[],"class_list":{"0":"post-2939","1":"product","2":"type-product","3":"status-publish","4":"has-post-thumbnail","6":"product_cat-hotellerie-restauration","8":"first","9":"instock","10":"taxable","11":"shipping-taxable","12":"product-type-simple"},"_links":{"self":[{"href":"https:\/\/www.printings-n.com\/es\/wp-json\/wp\/v2\/product\/2939","targetHints":{"allow":["GET"]}}],"collection":[{"href":"https:\/\/www.printings-n.com\/es\/wp-json\/wp\/v2\/product"}],"about":[{"href":"https:\/\/www.printings-n.com\/es\/wp-json\/wp\/v2\/types\/product"}],"replies":[{"embeddable":true,"href":"https:\/\/www.printings-n.com\/es\/wp-json\/wp\/v2\/comments?post=2939"}],"wp:featuredmedia":[{"embeddable":true,"href":"https:\/\/www.printings-n.com\/es\/wp-json\/wp\/v2\/media\/2940"}],"wp:attachment":[{"href":"https:\/\/www.printings-n.com\/es\/wp-json\/wp\/v2\/media?parent=2939"}],"wp:term":[{"taxonomy":"product_brand","embeddable":true,"href":"https:\/\/www.printings-n.com\/es\/wp-json\/wp\/v2\/product_brand?post=2939"},{"taxonomy":"product_cat","embeddable":true,"href":"https:\/\/www.printings-n.com\/es\/wp-json\/wp\/v2\/product_cat?post=2939"},{"taxonomy":"product_tag","embeddable":true,"href":"https:\/\/www.printings-n.com\/es\/wp-json\/wp\/v2\/product_tag?post=2939"}],"curies":[{"name":"wp","href":"https:\/\/api.w.org\/{rel}","templated":true}]}}