{"id":2929,"date":"2024-11-30T22:41:52","date_gmt":"2024-11-30T22:41:52","guid":{"rendered":"https:\/\/www.printings-n.com\/produit\/verres-a-biere-32cl-prague-glassbeer032praque\/"},"modified":"2024-11-30T22:41:53","modified_gmt":"2024-11-30T22:41:53","slug":"verres-a-biere-32cl-prague-glassbeer032praque","status":"publish","type":"product","link":"https:\/\/www.printings-n.com\/es\/producto\/verres-a-biere-32cl-prague-glassbeer032praque\/","title":{"rendered":"Vasos de cerveza 32cl Praga"},"content":{"rendered":"<p>Particuli\u00e8rement appr\u00e9ci\u00e9 pour la d\u00e9gustation de bi\u00e8res blanches ou l\u00e9g\u00e8res gr\u00e2ce \u00e0 sa forme qui r\u00e9v\u00e8le les ar\u00f4mes les plus fins , le verre \u00e0 bi\u00e8re 32cl est un mod\u00e8le reconnaissable d\u00e9j\u00e0 command\u00e9 par de nombreux \u00e9tablissements. Disponible d\u00e8s 36 exemplaires, il vous accompagnera dans toutes vos c\u00e9l\u00e9brations.<\/p>","protected":false},"excerpt":{"rendered":"<p>Particuli\u00e8rement appr\u00e9ci\u00e9 pour la d\u00e9gustation de bi\u00e8res blanches ou l\u00e9g\u00e8res gr\u00e2ce \u00e0 sa forme qui r\u00e9v\u00e8le les ar\u00f4mes les plus fins , le verre \u00e0 bi\u00e8re 32cl est un mod\u00e8le reconnaissable d\u00e9j\u00e0 command\u00e9 par de nombreux \u00e9tablissements. Disponible d\u00e8s 36 exemplaires, il vous accompagnera dans toutes vos c\u00e9l\u00e9brations.<\/p>","protected":false},"featured_media":2930,"comment_status":"open","ping_status":"closed","template":"","meta":[],"product_brand":[],"product_cat":[74],"product_tag":[],"class_list":{"0":"post-2929","1":"product","2":"type-product","3":"status-publish","4":"has-post-thumbnail","6":"product_cat-hotellerie-restauration","8":"first","9":"instock","10":"taxable","11":"shipping-taxable","12":"product-type-simple"},"_links":{"self":[{"href":"https:\/\/www.printings-n.com\/es\/wp-json\/wp\/v2\/product\/2929","targetHints":{"allow":["GET"]}}],"collection":[{"href":"https:\/\/www.printings-n.com\/es\/wp-json\/wp\/v2\/product"}],"about":[{"href":"https:\/\/www.printings-n.com\/es\/wp-json\/wp\/v2\/types\/product"}],"replies":[{"embeddable":true,"href":"https:\/\/www.printings-n.com\/es\/wp-json\/wp\/v2\/comments?post=2929"}],"wp:featuredmedia":[{"embeddable":true,"href":"https:\/\/www.printings-n.com\/es\/wp-json\/wp\/v2\/media\/2930"}],"wp:attachment":[{"href":"https:\/\/www.printings-n.com\/es\/wp-json\/wp\/v2\/media?parent=2929"}],"wp:term":[{"taxonomy":"product_brand","embeddable":true,"href":"https:\/\/www.printings-n.com\/es\/wp-json\/wp\/v2\/product_brand?post=2929"},{"taxonomy":"product_cat","embeddable":true,"href":"https:\/\/www.printings-n.com\/es\/wp-json\/wp\/v2\/product_cat?post=2929"},{"taxonomy":"product_tag","embeddable":true,"href":"https:\/\/www.printings-n.com\/es\/wp-json\/wp\/v2\/product_tag?post=2929"}],"curies":[{"name":"wp","href":"https:\/\/api.w.org\/{rel}","templated":true}]}}