{"id":2915,"date":"2024-11-30T22:41:19","date_gmt":"2024-11-30T22:41:19","guid":{"rendered":"https:\/\/www.printings-n.com\/produit\/ballons-geants-metalliques-balloonsbigmetallic\/"},"modified":"2024-11-30T22:41:20","modified_gmt":"2024-11-30T22:41:20","slug":"ballons-geants-metalliques-balloonsbigmetallic","status":"publish","type":"product","link":"https:\/\/www.printings-n.com\/es\/producto\/ballons-geants-metalliques-balloonsbigmetallic\/","title":{"rendered":"Globos gigantes de metal"},"content":{"rendered":"<p>Les ballons de [site_name] sont fabriqu\u00e9s \u00e0 partir de latex naturel, un mat\u00e9riau renouvelable issu des h\u00e9v\u00e9as\u00a0! Attirez l&#039;attention de tous lors d&#039;ouvertures de magasins, d&#039;\u00e9v\u00e9nements ou de salons avec ces ballons m\u00e9talliques XL. Ils sont parfaits pour toutes sortes d&#039;\u00e9v\u00e9nements, professionnels ou personnels. De plus, ils sont bons pour la plan\u00e8te. Imprimez votre logo au recto et au verso du ballon et organisez un \u00e9v\u00e9nement qui ne sera pas oubli\u00e9.<br \/>\n&lt;br&gt;&lt;br&gt;<br \/>\nNote : Votre ballon sera de la couleur que vous ayez choisie, tandis que votre logo ou votre design sera imprim\u00e9 dans une couleur diff\u00e9rente, correspondant \u00e0 celle de votre fichier.<\/p>\n","protected":false},"excerpt":{"rendered":"<p>Les ballons de [site_name] sont fabriqu\u00e9s \u00e0 partir de latex naturel, un mat\u00e9riau renouvelable issu des h\u00e9v\u00e9as\u00a0! Attirez l&#039;attention de tous lors d&#039;ouvertures de magasins, d&#039;\u00e9v\u00e9nements ou de salons avec ces ballons m\u00e9talliques XL. Ils sont parfaits pour toutes sortes d&#039;\u00e9v\u00e9nements, professionnels ou personnels. De plus, ils sont bons pour la plan\u00e8te. Imprimez votre logo [&hellip;]<\/p>\n","protected":false},"featured_media":2916,"comment_status":"open","ping_status":"closed","template":"","meta":[],"product_brand":[],"product_cat":[74],"product_tag":[],"class_list":{"0":"post-2915","1":"product","2":"type-product","3":"status-publish","4":"has-post-thumbnail","6":"product_cat-hotellerie-restauration","8":"first","9":"instock","10":"taxable","11":"shipping-taxable","12":"product-type-simple"},"_links":{"self":[{"href":"https:\/\/www.printings-n.com\/es\/wp-json\/wp\/v2\/product\/2915","targetHints":{"allow":["GET"]}}],"collection":[{"href":"https:\/\/www.printings-n.com\/es\/wp-json\/wp\/v2\/product"}],"about":[{"href":"https:\/\/www.printings-n.com\/es\/wp-json\/wp\/v2\/types\/product"}],"replies":[{"embeddable":true,"href":"https:\/\/www.printings-n.com\/es\/wp-json\/wp\/v2\/comments?post=2915"}],"wp:featuredmedia":[{"embeddable":true,"href":"https:\/\/www.printings-n.com\/es\/wp-json\/wp\/v2\/media\/2916"}],"wp:attachment":[{"href":"https:\/\/www.printings-n.com\/es\/wp-json\/wp\/v2\/media?parent=2915"}],"wp:term":[{"taxonomy":"product_brand","embeddable":true,"href":"https:\/\/www.printings-n.com\/es\/wp-json\/wp\/v2\/product_brand?post=2915"},{"taxonomy":"product_cat","embeddable":true,"href":"https:\/\/www.printings-n.com\/es\/wp-json\/wp\/v2\/product_cat?post=2915"},{"taxonomy":"product_tag","embeddable":true,"href":"https:\/\/www.printings-n.com\/es\/wp-json\/wp\/v2\/product_tag?post=2915"}],"curies":[{"name":"wp","href":"https:\/\/api.w.org\/{rel}","templated":true}]}}