{"id":2907,"date":"2024-11-30T22:38:17","date_gmt":"2024-11-30T22:38:17","guid":{"rendered":"https:\/\/www.printings-n.com\/produit\/depliant-2-plis-roules-3-volets-foldedleafletstrifold5\/"},"modified":"2024-11-30T22:38:18","modified_gmt":"2024-11-30T22:38:18","slug":"carpeta-2-pliegues-enrollada-3-solapas-plegadafolletostrifold5","status":"publish","type":"product","link":"https:\/\/www.printings-n.com\/es\/producto\/carpeta-2-pliegues-enrollada-3-solapas-plegadafolletostrifold5\/","title":{"rendered":"Folleto enrollado de 2 pliegues - 3 paneles"},"content":{"rendered":"<p>Triplez l&#039;attention port\u00e9e \u00e0 votre entreprise, \u00e9v\u00e9nement ou association avec ces D\u00e9pliant  2 plis roul\u00e9s &#8211; 3 volets imprim\u00e9s avec [site_name] ! Gr\u00e2ce aux deux plis roul\u00e9s et aux multiples tailles, papiers et finitions disponibles, vous obtenez le d\u00e9pliant 3 volets publicitaire parfaitement adapt\u00e9 \u00e0 votre image et multipliez ainsi vos chances de r\u00e9ussite avec l&#039;impression des 6 faces. Avec une impression fid\u00e8le et un papier de qualit\u00e9, vous vous offrez une excellente campagne publicitaire en toute simplicit\u00e9 !<br \/>\n&lt;br&gt;&lt;br&gt;<br \/>\nNote: Les d\u00e9pliants de 90 g, 135 g et 170 g sont toujours livr\u00e9s pli\u00e9s. Pour 250 g et plus, les d\u00e9pliants seront rain\u00e9s et parfois pli\u00e9s, selon la taille. Cela garantit la pr\u00e9servation de la qualit\u00e9 de votre impression.<\/p>\n","protected":false},"excerpt":{"rendered":"<p>Triplez l&#039;attention port\u00e9e \u00e0 votre entreprise, \u00e9v\u00e9nement ou association avec ces D\u00e9pliant 2 plis roul\u00e9s &#8211; 3 volets imprim\u00e9s avec [site_name] ! Gr\u00e2ce aux deux plis roul\u00e9s et aux multiples tailles, papiers et finitions disponibles, vous obtenez le d\u00e9pliant 3 volets publicitaire parfaitement adapt\u00e9 \u00e0 votre image et multipliez ainsi vos chances de r\u00e9ussite avec [&hellip;]<\/p>\n","protected":false},"featured_media":2908,"comment_status":"open","ping_status":"closed","template":"","meta":[],"product_brand":[],"product_cat":[73],"product_tag":[],"class_list":{"0":"post-2907","1":"product","2":"type-product","3":"status-publish","4":"has-post-thumbnail","6":"product_cat-depliants-plies","8":"first","9":"instock","10":"taxable","11":"shipping-taxable","12":"product-type-simple"},"_links":{"self":[{"href":"https:\/\/www.printings-n.com\/es\/wp-json\/wp\/v2\/product\/2907","targetHints":{"allow":["GET"]}}],"collection":[{"href":"https:\/\/www.printings-n.com\/es\/wp-json\/wp\/v2\/product"}],"about":[{"href":"https:\/\/www.printings-n.com\/es\/wp-json\/wp\/v2\/types\/product"}],"replies":[{"embeddable":true,"href":"https:\/\/www.printings-n.com\/es\/wp-json\/wp\/v2\/comments?post=2907"}],"wp:featuredmedia":[{"embeddable":true,"href":"https:\/\/www.printings-n.com\/es\/wp-json\/wp\/v2\/media\/2908"}],"wp:attachment":[{"href":"https:\/\/www.printings-n.com\/es\/wp-json\/wp\/v2\/media?parent=2907"}],"wp:term":[{"taxonomy":"product_brand","embeddable":true,"href":"https:\/\/www.printings-n.com\/es\/wp-json\/wp\/v2\/product_brand?post=2907"},{"taxonomy":"product_cat","embeddable":true,"href":"https:\/\/www.printings-n.com\/es\/wp-json\/wp\/v2\/product_cat?post=2907"},{"taxonomy":"product_tag","embeddable":true,"href":"https:\/\/www.printings-n.com\/es\/wp-json\/wp\/v2\/product_tag?post=2907"}],"curies":[{"name":"wp","href":"https:\/\/api.w.org\/{rel}","templated":true}]}}