{"id":2893,"date":"2024-11-30T22:36:08","date_gmt":"2024-11-30T22:36:08","guid":{"rendered":"https:\/\/www.printings-n.com\/produit\/cartes-de-visite-en-bois-businesscardsspecialmaterialwood\/"},"modified":"2024-11-30T22:36:08","modified_gmt":"2024-11-30T22:36:08","slug":"tarjetas-de-visita-de-maderatarjetas-de-visitamaterial-especialmadera","status":"publish","type":"product","link":"https:\/\/www.printings-n.com\/es\/producto\/tarjetas-de-visita-de-maderatarjetas-de-visitamaterial-especialmadera\/","title":{"rendered":"Tarjetas de visita de madera"},"content":{"rendered":"<p>Fabricadas con madera de alta calidad, estas tarjetas no s\u00f3lo son respetuosas con el medio ambiente, sino tambi\u00e9n resistentes y duraderas. En un mundo en el que la comunicaci\u00f3n digital est\u00e1 cada vez m\u00e1s extendida, estas tarjetas de madera ofrecen un enfoque fresco y original. Ofrecen a los clientes potenciales una forma directa de ponerse en contacto con su empresa, y su aspecto robusto dejar\u00e1 una impresi\u00f3n duradera. El veteado natural de la madera a\u00f1ade un toque de elegancia y sofisticaci\u00f3n, que permitir\u00e1 a su empresa destacar entre la multitud. \u00a1Por qu\u00e9 conformarse con tarjetas de papel ordinarias cuando puede destacar con un estilo \u00fanico!<\/p>","protected":false},"excerpt":{"rendered":"<p>Fabriqu\u00e9es en bois de haute qualit\u00e9, ces cartes sont non seulement respectueuses de l&#039;environnement, mais aussi r\u00e9sistantes et durables. Dans un monde o\u00f9 la communication num\u00e9rique est de plus en plus r\u00e9pandue, ces cartes en bois apportent un renouveau original. Elles offrent aux clients potentiels un moyen direct d&#039;entrer en contact avec votre entreprise, et [&hellip;]<\/p>\n","protected":false},"featured_media":2894,"comment_status":"open","ping_status":"closed","template":"","meta":[],"product_brand":[],"product_cat":[72],"product_tag":[],"class_list":{"0":"post-2893","1":"product","2":"type-product","3":"status-publish","4":"has-post-thumbnail","6":"product_cat-cartes-de-visite","8":"first","9":"instock","10":"taxable","11":"shipping-taxable","12":"product-type-simple"},"_links":{"self":[{"href":"https:\/\/www.printings-n.com\/es\/wp-json\/wp\/v2\/product\/2893","targetHints":{"allow":["GET"]}}],"collection":[{"href":"https:\/\/www.printings-n.com\/es\/wp-json\/wp\/v2\/product"}],"about":[{"href":"https:\/\/www.printings-n.com\/es\/wp-json\/wp\/v2\/types\/product"}],"replies":[{"embeddable":true,"href":"https:\/\/www.printings-n.com\/es\/wp-json\/wp\/v2\/comments?post=2893"}],"wp:featuredmedia":[{"embeddable":true,"href":"https:\/\/www.printings-n.com\/es\/wp-json\/wp\/v2\/media\/2894"}],"wp:attachment":[{"href":"https:\/\/www.printings-n.com\/es\/wp-json\/wp\/v2\/media?parent=2893"}],"wp:term":[{"taxonomy":"product_brand","embeddable":true,"href":"https:\/\/www.printings-n.com\/es\/wp-json\/wp\/v2\/product_brand?post=2893"},{"taxonomy":"product_cat","embeddable":true,"href":"https:\/\/www.printings-n.com\/es\/wp-json\/wp\/v2\/product_cat?post=2893"},{"taxonomy":"product_tag","embeddable":true,"href":"https:\/\/www.printings-n.com\/es\/wp-json\/wp\/v2\/product_tag?post=2893"}],"curies":[{"name":"wp","href":"https:\/\/api.w.org\/{rel}","templated":true}]}}