{"id":2887,"date":"2024-11-30T22:35:58","date_gmt":"2024-11-30T22:35:58","guid":{"rendered":"https:\/\/www.printings-n.com\/produit\/cartes-pvc-avec-bande-magnetique-loco-businesscardspvcwhitelocomagneticstrip\/"},"modified":"2024-11-30T22:35:58","modified_gmt":"2024-11-30T22:35:58","slug":"tarjetas-de-pvc-con-banda-magnetica-loco-businesscardspvcblancoelocomagneticstrip","status":"publish","type":"product","link":"https:\/\/www.printings-n.com\/es\/producto\/tarjetas-de-pvc-con-banda-magnetica-loco-businesscardspvcblancoelocomagneticstrip\/","title":{"rendered":"Tarjetas de PVC con banda magn\u00e9tica (LoCo)"},"content":{"rendered":"<p>Nota: Estas tarjetas de PVC con bandas magn\u00e9ticas HiCo y LoCo pueden ser adecuadas para diferentes sistemas. Consulte con su administrador de red antes de realizar el pedido.<br \/>\nEstas tarjetas con banda magn\u00e9tica est\u00e1n fabricadas en PVC blanco ultrarresistente y pueden compararse con una tarjeta bancaria. Las tarjetas de PVC con banda magn\u00e9tica HiCo son ideales si los datos almacenados en la tarjeta tienen una larga vida \u00fatil o no es necesario cambiarlos con frecuencia. Como su campo magn\u00e9tico es m\u00e1s fuerte que el de las tarjetas LoCo, las tarjetas con banda magn\u00e9tica LoCo se utilizan sobre todo para aplicaciones de corta duraci\u00f3n o cuando hay que reescribir con frecuencia la informaci\u00f3n de la tarjeta. Son ideales como pases de entrada para empresas, hoteles y escuelas, o como tarjetas de fidelizaci\u00f3n.<\/p>","protected":false},"excerpt":{"rendered":"<p>Note : Ces cartes PVC avec bande magn\u00e9tique HiCo et LoCo peuvent convenir \u00e0 diff\u00e9rents syst\u00e8mes ! V\u00e9rifiez donc d&#039;abord avec votre administrateur r\u00e9seau avant de commander. Ces cartes \u00e0 bande magn\u00e9tique sont con\u00e7ues en PVC blanc ultra solide et r\u00e9sistant et peuvent \u00eatre compar\u00e9es \u00e0 une carte bancaire. Les cartes en PVC avec une [&hellip;]<\/p>\n","protected":false},"featured_media":2888,"comment_status":"open","ping_status":"closed","template":"","meta":[],"product_brand":[],"product_cat":[72],"product_tag":[],"class_list":{"0":"post-2887","1":"product","2":"type-product","3":"status-publish","4":"has-post-thumbnail","6":"product_cat-cartes-de-visite","8":"first","9":"instock","10":"taxable","11":"shipping-taxable","12":"product-type-simple"},"_links":{"self":[{"href":"https:\/\/www.printings-n.com\/es\/wp-json\/wp\/v2\/product\/2887","targetHints":{"allow":["GET"]}}],"collection":[{"href":"https:\/\/www.printings-n.com\/es\/wp-json\/wp\/v2\/product"}],"about":[{"href":"https:\/\/www.printings-n.com\/es\/wp-json\/wp\/v2\/types\/product"}],"replies":[{"embeddable":true,"href":"https:\/\/www.printings-n.com\/es\/wp-json\/wp\/v2\/comments?post=2887"}],"wp:featuredmedia":[{"embeddable":true,"href":"https:\/\/www.printings-n.com\/es\/wp-json\/wp\/v2\/media\/2888"}],"wp:attachment":[{"href":"https:\/\/www.printings-n.com\/es\/wp-json\/wp\/v2\/media?parent=2887"}],"wp:term":[{"taxonomy":"product_brand","embeddable":true,"href":"https:\/\/www.printings-n.com\/es\/wp-json\/wp\/v2\/product_brand?post=2887"},{"taxonomy":"product_cat","embeddable":true,"href":"https:\/\/www.printings-n.com\/es\/wp-json\/wp\/v2\/product_cat?post=2887"},{"taxonomy":"product_tag","embeddable":true,"href":"https:\/\/www.printings-n.com\/es\/wp-json\/wp\/v2\/product_tag?post=2887"}],"curies":[{"name":"wp","href":"https:\/\/api.w.org\/{rel}","templated":true}]}}