{"id":5017,"date":"2024-12-01T17:20:09","date_gmt":"2024-12-01T17:20:09","guid":{"rendered":"https:\/\/www.printings-n.com\/produit\/banderole-pop-out-popupbanner\/"},"modified":"2024-12-01T17:20:10","modified_gmt":"2024-12-01T17:20:10","slug":"pop-out-banner-popupbanner","status":"publish","type":"product","link":"https:\/\/www.printings-n.com\/produit\/banderole-pop-out-popupbanner\/","title":{"rendered":"Pop-out banner"},"content":{"rendered":"<p>D\u00e9marquez-vous aupr\u00e8s de vos clients ! La banderole pop-out de [site_name] est parfait pour tout \u00e9v\u00e9nement, en particulier sur la plage mais convient \u00e9galement au sol ! La banni\u00e8re est imprim\u00e9e sur les deux faces et est fabriqu\u00e9e dans un mat\u00e9riau l\u00e9ger et pratique. La banni\u00e8re pop-out est facile \u00e0 plier dans un sac portable circulaire et \u00e0 transporter avec vous. Toutes les tailles sont install\u00e9es en quelques minutes seulement. La garantie de faire ressortir votre entreprise, commandez la v\u00f4tre d\u00e8s aujourd&#039;hui !<br \/>\n&lt;br&gt;&lt;br&gt;<br \/>\nVeuillez noter que le motif sera le m\u00eame des deux c\u00f4t\u00e9s<\/p>\n","protected":false},"excerpt":{"rendered":"<p>D\u00e9marquez-vous aupr\u00e8s de vos clients ! La banderole pop-out de [site_name] est parfait pour tout \u00e9v\u00e9nement, en particulier sur la plage mais convient \u00e9galement au sol ! La banni\u00e8re est imprim\u00e9e sur les deux faces et est fabriqu\u00e9e dans un mat\u00e9riau l\u00e9ger et pratique. La banni\u00e8re pop-out est facile \u00e0 plier dans un sac portable [&hellip;]<\/p>\n","protected":false},"featured_media":5018,"comment_status":"open","ping_status":"closed","template":"","meta":[],"product_brand":[],"product_cat":[118],"product_tag":[],"class_list":{"0":"post-5017","1":"product","2":"type-product","3":"status-publish","4":"has-post-thumbnail","6":"product_cat-autres-supports-exterieurs","8":"first","9":"instock","10":"taxable","11":"shipping-taxable","12":"product-type-simple"},"_links":{"self":[{"href":"https:\/\/www.printings-n.com\/en\/wp-json\/wp\/v2\/product\/5017","targetHints":{"allow":["GET"]}}],"collection":[{"href":"https:\/\/www.printings-n.com\/en\/wp-json\/wp\/v2\/product"}],"about":[{"href":"https:\/\/www.printings-n.com\/en\/wp-json\/wp\/v2\/types\/product"}],"replies":[{"embeddable":true,"href":"https:\/\/www.printings-n.com\/en\/wp-json\/wp\/v2\/comments?post=5017"}],"wp:featuredmedia":[{"embeddable":true,"href":"https:\/\/www.printings-n.com\/en\/wp-json\/wp\/v2\/media\/5018"}],"wp:attachment":[{"href":"https:\/\/www.printings-n.com\/en\/wp-json\/wp\/v2\/media?parent=5017"}],"wp:term":[{"taxonomy":"product_brand","embeddable":true,"href":"https:\/\/www.printings-n.com\/en\/wp-json\/wp\/v2\/product_brand?post=5017"},{"taxonomy":"product_cat","embeddable":true,"href":"https:\/\/www.printings-n.com\/en\/wp-json\/wp\/v2\/product_cat?post=5017"},{"taxonomy":"product_tag","embeddable":true,"href":"https:\/\/www.printings-n.com\/en\/wp-json\/wp\/v2\/product_tag?post=5017"}],"curies":[{"name":"wp","href":"https:\/\/api.w.org\/{rel}","templated":true}]}}