{"id":5005,"date":"2024-12-01T17:19:46","date_gmt":"2024-12-01T17:19:46","guid":{"rendered":"https:\/\/www.printings-n.com\/produit\/tapis-dexterieur-outdoorcarpet\/"},"modified":"2024-12-01T17:19:47","modified_gmt":"2024-12-01T17:19:47","slug":"tapis-dexterieur-outdoorcarpet","status":"publish","type":"product","link":"https:\/\/www.printings-n.com\/produit\/tapis-dexterieur-outdoorcarpet\/","title":{"rendered":"Fine outdoor rugs"},"content":{"rendered":"<p>Votre terrasse ou votre jardin a besoin d&#039;une petit touche personnelle ? Alors un tapis d&#039;ext\u00e9rieur est exactement ce que vous cherchez ! Fabriqu\u00e9 \u00e0 partir de mat\u00e9riaux hydrofuges et recycl\u00e9s, ce tapis est l\u00e9ger, facile \u00e0 ranger et disponible en 5 tailles diff\u00e9rentes. Tout ce que vous avez \u00e0 faire est d&#039;ajouter votre superbe design. Commandez votre tapis d&#039;ext\u00e9rieur d\u00e8s maintenant sur [site_name].<\/p>\n","protected":false},"excerpt":{"rendered":"<p>Votre terrasse ou votre jardin a besoin d&#039;une petit touche personnelle ? Alors un tapis d&#039;ext\u00e9rieur est exactement ce que vous cherchez ! Fabriqu\u00e9 \u00e0 partir de mat\u00e9riaux hydrofuges et recycl\u00e9s, ce tapis est l\u00e9ger, facile \u00e0 ranger et disponible en 5 tailles diff\u00e9rentes. Tout ce que vous avez \u00e0 faire est d&#039;ajouter votre superbe [&hellip;]<\/p>\n","protected":false},"featured_media":5008,"comment_status":"open","ping_status":"closed","template":"","meta":[],"product_brand":[],"product_cat":[118],"product_tag":[],"class_list":{"0":"post-5005","1":"product","2":"type-product","3":"status-publish","4":"has-post-thumbnail","6":"product_cat-autres-supports-exterieurs","8":"first","9":"instock","10":"taxable","11":"shipping-taxable","12":"product-type-simple"},"_links":{"self":[{"href":"https:\/\/www.printings-n.com\/en\/wp-json\/wp\/v2\/product\/5005","targetHints":{"allow":["GET"]}}],"collection":[{"href":"https:\/\/www.printings-n.com\/en\/wp-json\/wp\/v2\/product"}],"about":[{"href":"https:\/\/www.printings-n.com\/en\/wp-json\/wp\/v2\/types\/product"}],"replies":[{"embeddable":true,"href":"https:\/\/www.printings-n.com\/en\/wp-json\/wp\/v2\/comments?post=5005"}],"wp:featuredmedia":[{"embeddable":true,"href":"https:\/\/www.printings-n.com\/en\/wp-json\/wp\/v2\/media\/5008"}],"wp:attachment":[{"href":"https:\/\/www.printings-n.com\/en\/wp-json\/wp\/v2\/media?parent=5005"}],"wp:term":[{"taxonomy":"product_brand","embeddable":true,"href":"https:\/\/www.printings-n.com\/en\/wp-json\/wp\/v2\/product_brand?post=5005"},{"taxonomy":"product_cat","embeddable":true,"href":"https:\/\/www.printings-n.com\/en\/wp-json\/wp\/v2\/product_cat?post=5005"},{"taxonomy":"product_tag","embeddable":true,"href":"https:\/\/www.printings-n.com\/en\/wp-json\/wp\/v2\/product_tag?post=5005"}],"curies":[{"name":"wp","href":"https:\/\/api.w.org\/{rel}","templated":true}]}}