{"id":4989,"date":"2024-12-01T17:19:04","date_gmt":"2024-12-01T17:19:04","guid":{"rendered":"https:\/\/www.printings-n.com\/produit\/transats-personnalises-deckchair\/"},"modified":"2024-12-01T17:19:04","modified_gmt":"2024-12-01T17:19:04","slug":"personalized-deckchairs","status":"publish","type":"product","link":"https:\/\/www.printings-n.com\/produit\/transats-personnalises-deckchair\/","title":{"rendered":"Customized deckchairs"},"content":{"rendered":"<p>Whether at a planned event or for a little spontaneous fun, these personalized deckchairs, made from solid, untreated beechwood, are perfect for your customers or loved ones. Stand out from the crowd by promoting your brand while you relax! You can use them for events, concerts or simply for your terraces. Personalized deckchairs with your own design are also an excellent gift idea.<br \/>\n&lt;br&gt;&lt;br&gt;<br \/>\nThis deckchair is made from untreated beechwood. The chair's 210-gram polyester fabric is 4-color process printed on one side only. Easy to remove and wash.<\/p>","protected":false},"excerpt":{"rendered":"<p>Que ce soit lors d&#039;un \u00e9v\u00e9nement planifi\u00e9 ou pour un peu de plaisir spontan\u00e9, ces transats personnalis\u00e9s, en bois de h\u00eatre massif et non trait\u00e9, sont parfaits pour vos clients ou vos proches. D\u00e9marquez-vous en faisant la promotion de votre marque tout en vous relaxant ! Vous pourrez ces chiliennes utiliser pour des \u00e9v\u00e9nements, des [&hellip;]<\/p>\n","protected":false},"featured_media":4990,"comment_status":"open","ping_status":"closed","template":"","meta":[],"product_brand":[],"product_cat":[118],"product_tag":[],"class_list":{"0":"post-4989","1":"product","2":"type-product","3":"status-publish","4":"has-post-thumbnail","6":"product_cat-autres-supports-exterieurs","8":"first","9":"instock","10":"taxable","11":"shipping-taxable","12":"product-type-simple"},"_links":{"self":[{"href":"https:\/\/www.printings-n.com\/en\/wp-json\/wp\/v2\/product\/4989","targetHints":{"allow":["GET"]}}],"collection":[{"href":"https:\/\/www.printings-n.com\/en\/wp-json\/wp\/v2\/product"}],"about":[{"href":"https:\/\/www.printings-n.com\/en\/wp-json\/wp\/v2\/types\/product"}],"replies":[{"embeddable":true,"href":"https:\/\/www.printings-n.com\/en\/wp-json\/wp\/v2\/comments?post=4989"}],"wp:featuredmedia":[{"embeddable":true,"href":"https:\/\/www.printings-n.com\/en\/wp-json\/wp\/v2\/media\/4990"}],"wp:attachment":[{"href":"https:\/\/www.printings-n.com\/en\/wp-json\/wp\/v2\/media?parent=4989"}],"wp:term":[{"taxonomy":"product_brand","embeddable":true,"href":"https:\/\/www.printings-n.com\/en\/wp-json\/wp\/v2\/product_brand?post=4989"},{"taxonomy":"product_cat","embeddable":true,"href":"https:\/\/www.printings-n.com\/en\/wp-json\/wp\/v2\/product_cat?post=4989"},{"taxonomy":"product_tag","embeddable":true,"href":"https:\/\/www.printings-n.com\/en\/wp-json\/wp\/v2\/product_tag?post=4989"}],"curies":[{"name":"wp","href":"https:\/\/api.w.org\/{rel}","templated":true}]}}