{"id":4930,"date":"2024-12-01T17:12:21","date_gmt":"2024-12-01T17:12:21","guid":{"rendered":"https:\/\/www.printings-n.com\/produit\/stickers-sur-mesure-en-rouleau-labelsonrollstandardownsize\/"},"modified":"2024-12-01T17:12:22","modified_gmt":"2024-12-01T17:12:22","slug":"custom-stickers-on-rolls-labelsonrollstandardownsize","status":"publish","type":"product","link":"https:\/\/www.printings-n.com\/produit\/stickers-sur-mesure-en-rouleau-labelsonrollstandardownsize\/","title":{"rendered":"Custom stickers on rolls"},"content":{"rendered":"<p>Les \u00e9tiquettes sur mesure de [site_name] sont con\u00e7ues pour \u00eatre utilis\u00e9es en int\u00e9rieur et en ext\u00e9rieur et sont livr\u00e9es avec un distributeur de carton pratique, permettant un d\u00e9collage et un collage rapides et faciles. La d\u00e9coupe nette est id\u00e9ale pour les motifs d\u00e9taill\u00e9s et avec 5 options de mat\u00e9riaux polyvalents, vous \u00eates s\u00fbr de trouver une solution adapt\u00e9e \u00e0 vos besoins. Nous proposons \u00e9galement des options de mat\u00e9riaux biod\u00e9gradables, con\u00e7us pour respecter l&#039;environnement et parfaits pour un large \u00e9ventail d&#039;utilisations en int\u00e9rieur ! Ajoutez votre touche personnelle \u00e0 n&#039;importe quelle surface avec nos \u00e9tiquettes imprim\u00e9es personnalis\u00e9es !&lt;br&gt;&lt;\/br&gt;<\/p>\n","protected":false},"excerpt":{"rendered":"<p>Les \u00e9tiquettes sur mesure de [site_name] sont con\u00e7ues pour \u00eatre utilis\u00e9es en int\u00e9rieur et en ext\u00e9rieur et sont livr\u00e9es avec un distributeur de carton pratique, permettant un d\u00e9collage et un collage rapides et faciles. La d\u00e9coupe nette est id\u00e9ale pour les motifs d\u00e9taill\u00e9s et avec 5 options de mat\u00e9riaux polyvalents, vous \u00eates s\u00fbr de trouver [&hellip;]<\/p>\n","protected":false},"featured_media":4931,"comment_status":"open","ping_status":"closed","template":"","meta":[],"product_brand":[],"product_cat":[116],"product_tag":[],"class_list":{"0":"post-4930","1":"product","2":"type-product","3":"status-publish","4":"has-post-thumbnail","6":"product_cat-etiquettes-en-rouleau","8":"first","9":"instock","10":"taxable","11":"shipping-taxable","12":"product-type-simple"},"_links":{"self":[{"href":"https:\/\/www.printings-n.com\/en\/wp-json\/wp\/v2\/product\/4930","targetHints":{"allow":["GET"]}}],"collection":[{"href":"https:\/\/www.printings-n.com\/en\/wp-json\/wp\/v2\/product"}],"about":[{"href":"https:\/\/www.printings-n.com\/en\/wp-json\/wp\/v2\/types\/product"}],"replies":[{"embeddable":true,"href":"https:\/\/www.printings-n.com\/en\/wp-json\/wp\/v2\/comments?post=4930"}],"wp:featuredmedia":[{"embeddable":true,"href":"https:\/\/www.printings-n.com\/en\/wp-json\/wp\/v2\/media\/4931"}],"wp:attachment":[{"href":"https:\/\/www.printings-n.com\/en\/wp-json\/wp\/v2\/media?parent=4930"}],"wp:term":[{"taxonomy":"product_brand","embeddable":true,"href":"https:\/\/www.printings-n.com\/en\/wp-json\/wp\/v2\/product_brand?post=4930"},{"taxonomy":"product_cat","embeddable":true,"href":"https:\/\/www.printings-n.com\/en\/wp-json\/wp\/v2\/product_cat?post=4930"},{"taxonomy":"product_tag","embeddable":true,"href":"https:\/\/www.printings-n.com\/en\/wp-json\/wp\/v2\/product_tag?post=4930"}],"curies":[{"name":"wp","href":"https:\/\/api.w.org\/{rel}","templated":true}]}}