{"id":4896,"date":"2024-12-01T10:49:32","date_gmt":"2024-12-01T10:49:32","guid":{"rendered":"https:\/\/www.printings-n.com\/produit\/stickers-vegans-stickersvegan\/"},"modified":"2024-12-01T10:49:33","modified_gmt":"2024-12-01T10:49:33","slug":"stickers-vegans-stickersvegan","status":"publish","type":"product","link":"https:\/\/www.printings-n.com\/produit\/stickers-vegans-stickersvegan\/","title":{"rendered":"Vegan stickers"},"content":{"rendered":"<p>Vous voulez faire la diff\u00e9rence tout en faisant passer votre message ? Alors ne cherchez pas plus loin et commandez nos stickers v\u00e9gans chez [site_name]. Ces stickers sont respectueux de l&#039;environnement et ne contiennent pas de produits d\u00e9riv\u00e9s d&#039;animaux, que l&#039;on trouve g\u00e9n\u00e9ralement dans l&#039;adh\u00e9sif des \u00e9tiquettes et des stickers. Ces stickers v\u00e9gans sont sans danger pour la sant\u00e9, utilisent une colle \u00e0 base d&#039;eau et constituent une excellente alternative aux stickers adh\u00e9sifs classiques. Contribuez \u00e0 changer les choses et commandez des stickers v\u00e9gans d\u00e8s aujourd&#039;hui sur [site_name] !<\/p>\n","protected":false},"excerpt":{"rendered":"<p>Vous voulez faire la diff\u00e9rence tout en faisant passer votre message ? Alors ne cherchez pas plus loin et commandez nos stickers v\u00e9gans chez [site_name]. Ces stickers sont respectueux de l&#039;environnement et ne contiennent pas de produits d\u00e9riv\u00e9s d&#039;animaux, que l&#039;on trouve g\u00e9n\u00e9ralement dans l&#039;adh\u00e9sif des \u00e9tiquettes et des stickers. Ces stickers v\u00e9gans sont sans [&hellip;]<\/p>\n","protected":false},"featured_media":4897,"comment_status":"open","ping_status":"closed","template":"","meta":[],"product_brand":[],"product_cat":[115],"product_tag":[],"class_list":{"0":"post-4896","1":"product","2":"type-product","3":"status-publish","4":"has-post-thumbnail","6":"product_cat-etiquettes-en-feuille","8":"first","9":"instock","10":"taxable","11":"shipping-taxable","12":"product-type-simple"},"_links":{"self":[{"href":"https:\/\/www.printings-n.com\/en\/wp-json\/wp\/v2\/product\/4896","targetHints":{"allow":["GET"]}}],"collection":[{"href":"https:\/\/www.printings-n.com\/en\/wp-json\/wp\/v2\/product"}],"about":[{"href":"https:\/\/www.printings-n.com\/en\/wp-json\/wp\/v2\/types\/product"}],"replies":[{"embeddable":true,"href":"https:\/\/www.printings-n.com\/en\/wp-json\/wp\/v2\/comments?post=4896"}],"wp:featuredmedia":[{"embeddable":true,"href":"https:\/\/www.printings-n.com\/en\/wp-json\/wp\/v2\/media\/4897"}],"wp:attachment":[{"href":"https:\/\/www.printings-n.com\/en\/wp-json\/wp\/v2\/media?parent=4896"}],"wp:term":[{"taxonomy":"product_brand","embeddable":true,"href":"https:\/\/www.printings-n.com\/en\/wp-json\/wp\/v2\/product_brand?post=4896"},{"taxonomy":"product_cat","embeddable":true,"href":"https:\/\/www.printings-n.com\/en\/wp-json\/wp\/v2\/product_cat?post=4896"},{"taxonomy":"product_tag","embeddable":true,"href":"https:\/\/www.printings-n.com\/en\/wp-json\/wp\/v2\/product_tag?post=4896"}],"curies":[{"name":"wp","href":"https:\/\/api.w.org\/{rel}","templated":true}]}}