{"id":4894,"date":"2024-12-01T10:49:23","date_gmt":"2024-12-01T10:49:23","guid":{"rendered":"https:\/\/www.printings-n.com\/produit\/stickers-sans-residus-adhesif-stickersremoveableglue\/"},"modified":"2024-12-01T10:49:23","modified_gmt":"2024-12-01T10:49:23","slug":"stickers-sans-residus-adhesif-stickersremoveableglue","status":"publish","type":"product","link":"https:\/\/www.printings-n.com\/produit\/stickers-sans-residus-adhesif-stickersremoveableglue\/","title":{"rendered":"Stickers without adhesive residue"},"content":{"rendered":"<p>Les stickers en quadrichromie de [site_name] sont dot\u00e9s d&#039;une colle temporaire sp\u00e9ciale qui ne laisse aucun r\u00e9sidu une fois enlev\u00e9e ! Personnalisez les stickers avec vos propres dessins sur du papier inscriptible ou sur des autocollants en film plastique brillant. Ces autocollants sont sp\u00e9cialement con\u00e7us \u00e0 des fins promotionnelles et s&#039;enl\u00e8vent facilement et proprement des surfaces telles que le plastique et l&#039;aluminium, garantissant ainsi un r\u00e9sultat sans r\u00e9sidus.<br \/>\n&lt;br&gt;&lt;br&gt;<br \/>\nNote : Nous d\u00e9conseillons l&#039;utilisation de ces stickers sur les fen\u00eatres et vitrines.<\/p>\n","protected":false},"excerpt":{"rendered":"<p>Les stickers en quadrichromie de [site_name] sont dot\u00e9s d&#039;une colle temporaire sp\u00e9ciale qui ne laisse aucun r\u00e9sidu une fois enlev\u00e9e ! Personnalisez les stickers avec vos propres dessins sur du papier inscriptible ou sur des autocollants en film plastique brillant. Ces autocollants sont sp\u00e9cialement con\u00e7us \u00e0 des fins promotionnelles et s&#039;enl\u00e8vent facilement et proprement des [&hellip;]<\/p>\n","protected":false},"featured_media":4895,"comment_status":"open","ping_status":"closed","template":"","meta":[],"product_brand":[],"product_cat":[115],"product_tag":[],"class_list":{"0":"post-4894","1":"product","2":"type-product","3":"status-publish","4":"has-post-thumbnail","6":"product_cat-etiquettes-en-feuille","8":"first","9":"instock","10":"taxable","11":"shipping-taxable","12":"product-type-simple"},"_links":{"self":[{"href":"https:\/\/www.printings-n.com\/en\/wp-json\/wp\/v2\/product\/4894","targetHints":{"allow":["GET"]}}],"collection":[{"href":"https:\/\/www.printings-n.com\/en\/wp-json\/wp\/v2\/product"}],"about":[{"href":"https:\/\/www.printings-n.com\/en\/wp-json\/wp\/v2\/types\/product"}],"replies":[{"embeddable":true,"href":"https:\/\/www.printings-n.com\/en\/wp-json\/wp\/v2\/comments?post=4894"}],"wp:featuredmedia":[{"embeddable":true,"href":"https:\/\/www.printings-n.com\/en\/wp-json\/wp\/v2\/media\/4895"}],"wp:attachment":[{"href":"https:\/\/www.printings-n.com\/en\/wp-json\/wp\/v2\/media?parent=4894"}],"wp:term":[{"taxonomy":"product_brand","embeddable":true,"href":"https:\/\/www.printings-n.com\/en\/wp-json\/wp\/v2\/product_brand?post=4894"},{"taxonomy":"product_cat","embeddable":true,"href":"https:\/\/www.printings-n.com\/en\/wp-json\/wp\/v2\/product_cat?post=4894"},{"taxonomy":"product_tag","embeddable":true,"href":"https:\/\/www.printings-n.com\/en\/wp-json\/wp\/v2\/product_tag?post=4894"}],"curies":[{"name":"wp","href":"https:\/\/api.w.org\/{rel}","templated":true}]}}