{"id":4861,"date":"2024-12-01T09:51:09","date_gmt":"2024-12-01T09:51:09","guid":{"rendered":"https:\/\/www.printings-n.com\/produit\/parapluie-premium-coloradoclassicumbrella23inch-2\/"},"modified":"2024-12-01T09:51:10","modified_gmt":"2024-12-01T09:51:10","slug":"umbrella-premium-coloradoclassicumbrella23inch-2","status":"publish","type":"product","link":"https:\/\/www.printings-n.com\/produit\/parapluie-premium-coloradoclassicumbrella23inch-2\/","title":{"rendered":"Curved handle umbrella"},"content":{"rendered":"<p>Your customers will thank you for this classic promotional product by keeping them out of the rain. Curved handle umbrellas are the perfect combination of a luxurious gift with an important promotional opportunity. With automatic opening capability, these umbrellas are constructed with polyester canvas, fiberglass frame, metal shaft and velcro closure. The classic hook-shaped handle is comfortable to hold and features a luxurious rubber finish! Customize yours and order today.&lt;br&gt;&lt;br&gt;<br \/>\nWould you like to print the same design on several parts of the umbrella? Please request a quote.<\/p>","protected":false},"excerpt":{"rendered":"<p>Vos clients vous remercieront de ce produit publicitaire classique en les mettant \u00e0 l&#039;abri de la pluie. Parapluie poign\u00e9e courb\u00e9e est la combinaison parfaite d&#039;un cadeau luxueux avec une opportunit\u00e9 promotionnelle importante. Gr\u00e2ce \u00e0 leur capacit\u00e9 d&#039;ouverture automatique, ces parapluies sont construits avec une toile en polyester , un cadre en fibre de verre, une [&hellip;]<\/p>\n","protected":false},"featured_media":4863,"comment_status":"open","ping_status":"closed","template":"","meta":[],"product_brand":[],"product_cat":[114],"product_tag":[],"class_list":{"0":"post-4861","1":"product","2":"type-product","3":"status-publish","4":"has-post-thumbnail","6":"product_cat-loisirs-en-exterieur","8":"first","9":"instock","10":"taxable","11":"shipping-taxable","12":"product-type-simple"},"_links":{"self":[{"href":"https:\/\/www.printings-n.com\/en\/wp-json\/wp\/v2\/product\/4861","targetHints":{"allow":["GET"]}}],"collection":[{"href":"https:\/\/www.printings-n.com\/en\/wp-json\/wp\/v2\/product"}],"about":[{"href":"https:\/\/www.printings-n.com\/en\/wp-json\/wp\/v2\/types\/product"}],"replies":[{"embeddable":true,"href":"https:\/\/www.printings-n.com\/en\/wp-json\/wp\/v2\/comments?post=4861"}],"wp:featuredmedia":[{"embeddable":true,"href":"https:\/\/www.printings-n.com\/en\/wp-json\/wp\/v2\/media\/4863"}],"wp:attachment":[{"href":"https:\/\/www.printings-n.com\/en\/wp-json\/wp\/v2\/media?parent=4861"}],"wp:term":[{"taxonomy":"product_brand","embeddable":true,"href":"https:\/\/www.printings-n.com\/en\/wp-json\/wp\/v2\/product_brand?post=4861"},{"taxonomy":"product_cat","embeddable":true,"href":"https:\/\/www.printings-n.com\/en\/wp-json\/wp\/v2\/product_cat?post=4861"},{"taxonomy":"product_tag","embeddable":true,"href":"https:\/\/www.printings-n.com\/en\/wp-json\/wp\/v2\/product_tag?post=4861"}],"curies":[{"name":"wp","href":"https:\/\/api.w.org\/{rel}","templated":true}]}}