{"id":4848,"date":"2024-12-01T09:50:44","date_gmt":"2024-12-01T09:50:44","guid":{"rendered":"https:\/\/www.printings-n.com\/produit\/parapluie-standard-coloradoumbrella235inch-2\/"},"modified":"2024-12-01T09:50:44","modified_gmt":"2024-12-01T09:50:44","slug":"parapluie-standard-coloradoumbrella235inch-2","status":"publish","type":"product","link":"https:\/\/www.printings-n.com\/produit\/parapluie-standard-coloradoumbrella235inch-2\/","title":{"rendered":"Standard umbrella"},"content":{"rendered":"<p>Vous recherchez un objet utile que vos clients pourront utiliser les jours de pluie pour se souvenir de votre marque ? Chez [site_name] nous avons le produit que vous recherchez, Parapluie standard ! Gr\u00e2ce \u00e0 leur structure en fibre de verre, ces parapluies disposent de ressorts d&#039;ouverture et de fermeture automatiques qui les rendent tr\u00e8s r\u00e9sistants. Ils poss\u00e8dent \u00e9galement un embout m\u00e9tallique, une fermeture velcro et une poign\u00e9e confortable. Personnalisez votre parapluie avec votre logo ou votre design unique et faites-en en un cadeau promotionnel parfait ! &lt;br&gt;&lt;br&gt;<\/p>\n<p>Vous souhaitez imprimer le m\u00eame design sur plusieurs parties du parapluie ? Veuillez faire une demande de devis.<\/p>\n","protected":false},"excerpt":{"rendered":"<p>Vous recherchez un objet utile que vos clients pourront utiliser les jours de pluie pour se souvenir de votre marque ? Chez [site_name] nous avons le produit que vous recherchez, Parapluie standard ! Gr\u00e2ce \u00e0 leur structure en fibre de verre, ces parapluies disposent de ressorts d&#039;ouverture et de fermeture automatiques qui les rendent tr\u00e8s [&hellip;]<\/p>\n","protected":false},"featured_media":4849,"comment_status":"open","ping_status":"closed","template":"","meta":[],"product_brand":[],"product_cat":[114],"product_tag":[],"class_list":{"0":"post-4848","1":"product","2":"type-product","3":"status-publish","4":"has-post-thumbnail","6":"product_cat-loisirs-en-exterieur","8":"first","9":"instock","10":"taxable","11":"shipping-taxable","12":"product-type-simple"},"_links":{"self":[{"href":"https:\/\/www.printings-n.com\/en\/wp-json\/wp\/v2\/product\/4848","targetHints":{"allow":["GET"]}}],"collection":[{"href":"https:\/\/www.printings-n.com\/en\/wp-json\/wp\/v2\/product"}],"about":[{"href":"https:\/\/www.printings-n.com\/en\/wp-json\/wp\/v2\/types\/product"}],"replies":[{"embeddable":true,"href":"https:\/\/www.printings-n.com\/en\/wp-json\/wp\/v2\/comments?post=4848"}],"wp:featuredmedia":[{"embeddable":true,"href":"https:\/\/www.printings-n.com\/en\/wp-json\/wp\/v2\/media\/4849"}],"wp:attachment":[{"href":"https:\/\/www.printings-n.com\/en\/wp-json\/wp\/v2\/media?parent=4848"}],"wp:term":[{"taxonomy":"product_brand","embeddable":true,"href":"https:\/\/www.printings-n.com\/en\/wp-json\/wp\/v2\/product_brand?post=4848"},{"taxonomy":"product_cat","embeddable":true,"href":"https:\/\/www.printings-n.com\/en\/wp-json\/wp\/v2\/product_cat?post=4848"},{"taxonomy":"product_tag","embeddable":true,"href":"https:\/\/www.printings-n.com\/en\/wp-json\/wp\/v2\/product_tag?post=4848"}],"curies":[{"name":"wp","href":"https:\/\/api.w.org\/{rel}","templated":true}]}}