{"id":4746,"date":"2024-12-01T09:47:05","date_gmt":"2024-12-01T09:47:05","guid":{"rendered":"https:\/\/www.printings-n.com\/produit\/ecouteurs-a-la-paille-de-ble-nantai\/"},"modified":"2024-12-01T09:47:05","modified_gmt":"2024-12-01T09:47:05","slug":"ble-nantai-straw-earphones","status":"publish","type":"product","link":"https:\/\/www.printings-n.com\/produit\/ecouteurs-a-la-paille-de-ble-nantai\/","title":{"rendered":"Eco-responsible earphones wheat straw"},"content":{"rendered":"<p>These headphones, made from a mixture of plastic and wheat straw, reduce the amount of plastic needed. They feature an integrated multifunction button to control all functions: on\/off, answer\/hang-up, play, pause, next\/previous song, volume +\/-. Bluetooth\u00ae 5.0 with a range of up to 10 meters. The charging capsule can recharge the earphones from 0 to 100 % at least 3 times. Autonomy is up to 2 hours at maximum volume and a full charge in 1 hour.<\/p>","protected":false},"excerpt":{"rendered":"<p>Ces \u00e9couteurs, fabriqu\u00e9s \u00e0 partir d&#039;un m\u00e9lange de plastique et de paille de bl\u00e9, r\u00e9duisent la quantit\u00e9 de plastique n\u00e9cessaire. Ils sont \u00e9quip\u00e9s d&#039;un bouton multifonction int\u00e9gr\u00e9 pour contr\u00f4ler toutes les fonctions : mise en marche\/arr\u00eat, r\u00e9pondre\/raccrocher, lecture, pause, morceau suivant\/pr\u00e9c\u00e9dent, volume +\/-. Bluetooth\u00ae 5.0 avec une port\u00e9e jusqu&#039;\u00e0 10 m\u00e8tres. La capsule de charge [&hellip;]<\/p>\n","protected":false},"featured_media":4747,"comment_status":"open","ping_status":"closed","template":"","meta":[],"product_brand":[],"product_cat":[113],"product_tag":[],"class_list":{"0":"post-4746","1":"product","2":"type-product","3":"status-publish","4":"has-post-thumbnail","6":"product_cat-gadgets-technologie","8":"first","9":"instock","10":"taxable","11":"shipping-taxable","12":"product-type-simple"},"_links":{"self":[{"href":"https:\/\/www.printings-n.com\/en\/wp-json\/wp\/v2\/product\/4746","targetHints":{"allow":["GET"]}}],"collection":[{"href":"https:\/\/www.printings-n.com\/en\/wp-json\/wp\/v2\/product"}],"about":[{"href":"https:\/\/www.printings-n.com\/en\/wp-json\/wp\/v2\/types\/product"}],"replies":[{"embeddable":true,"href":"https:\/\/www.printings-n.com\/en\/wp-json\/wp\/v2\/comments?post=4746"}],"wp:featuredmedia":[{"embeddable":true,"href":"https:\/\/www.printings-n.com\/en\/wp-json\/wp\/v2\/media\/4747"}],"wp:attachment":[{"href":"https:\/\/www.printings-n.com\/en\/wp-json\/wp\/v2\/media?parent=4746"}],"wp:term":[{"taxonomy":"product_brand","embeddable":true,"href":"https:\/\/www.printings-n.com\/en\/wp-json\/wp\/v2\/product_brand?post=4746"},{"taxonomy":"product_cat","embeddable":true,"href":"https:\/\/www.printings-n.com\/en\/wp-json\/wp\/v2\/product_cat?post=4746"},{"taxonomy":"product_tag","embeddable":true,"href":"https:\/\/www.printings-n.com\/en\/wp-json\/wp\/v2\/product_tag?post=4746"}],"curies":[{"name":"wp","href":"https:\/\/api.w.org\/{rel}","templated":true}]}}