{"id":4437,"date":"2024-12-01T09:26:08","date_gmt":"2024-12-01T09:26:08","guid":{"rendered":"https:\/\/www.printings-n.com\/produit\/carnets-a5-pocketnotebooka5-2\/"},"modified":"2024-12-01T09:26:08","modified_gmt":"2024-12-01T09:26:08","slug":"notebooks-a5-pocketnotebooka5-2","status":"publish","type":"product","link":"https:\/\/www.printings-n.com\/produit\/carnets-a5-pocketnotebooka5-2\/","title":{"rendered":"A5 notebooks"},"content":{"rendered":"<p>Vous avez besoin d&#039;un compagnon de voyage fiable ? [site_name] vous propose Carnets A5 ! Imprimez votre logo sur ces carnets durables disponibles en plusieurs couleurs et prenez vos notes avec style. Avec un look professionnel et un toucher agr\u00e9able, c&#039;est un cadeau g\u00e9nial qui impressionnera s\u00fbrement vos clients. La pochette int\u00e9rieure de la couverture arri\u00e8re est id\u00e9ale pour les cartes de visite. Les carnets comportent 96 pages lign\u00e9es de couleur cr\u00e8me, un signet et une fermeture \u00e9lastique pour garder vos notes en s\u00e9curit\u00e9.<\/p>\n","protected":false},"excerpt":{"rendered":"<p>Vous avez besoin d&#039;un compagnon de voyage fiable ? [site_name] vous propose Carnets A5 ! Imprimez votre logo sur ces carnets durables disponibles en plusieurs couleurs et prenez vos notes avec style. Avec un look professionnel et un toucher agr\u00e9able, c&#039;est un cadeau g\u00e9nial qui impressionnera s\u00fbrement vos clients. La pochette int\u00e9rieure de la couverture [&hellip;]<\/p>\n","protected":false},"featured_media":4438,"comment_status":"open","ping_status":"closed","template":"","meta":[],"product_brand":[],"product_cat":[105],"product_tag":[],"class_list":{"0":"post-4437","1":"product","2":"type-product","3":"status-publish","4":"has-post-thumbnail","6":"product_cat-fournitures-de-bureau","8":"first","9":"instock","10":"taxable","11":"shipping-taxable","12":"product-type-simple"},"_links":{"self":[{"href":"https:\/\/www.printings-n.com\/en\/wp-json\/wp\/v2\/product\/4437","targetHints":{"allow":["GET"]}}],"collection":[{"href":"https:\/\/www.printings-n.com\/en\/wp-json\/wp\/v2\/product"}],"about":[{"href":"https:\/\/www.printings-n.com\/en\/wp-json\/wp\/v2\/types\/product"}],"replies":[{"embeddable":true,"href":"https:\/\/www.printings-n.com\/en\/wp-json\/wp\/v2\/comments?post=4437"}],"wp:featuredmedia":[{"embeddable":true,"href":"https:\/\/www.printings-n.com\/en\/wp-json\/wp\/v2\/media\/4438"}],"wp:attachment":[{"href":"https:\/\/www.printings-n.com\/en\/wp-json\/wp\/v2\/media?parent=4437"}],"wp:term":[{"taxonomy":"product_brand","embeddable":true,"href":"https:\/\/www.printings-n.com\/en\/wp-json\/wp\/v2\/product_brand?post=4437"},{"taxonomy":"product_cat","embeddable":true,"href":"https:\/\/www.printings-n.com\/en\/wp-json\/wp\/v2\/product_cat?post=4437"},{"taxonomy":"product_tag","embeddable":true,"href":"https:\/\/www.printings-n.com\/en\/wp-json\/wp\/v2\/product_tag?post=4437"}],"curies":[{"name":"wp","href":"https:\/\/api.w.org\/{rel}","templated":true}]}}