{"id":4428,"date":"2024-12-01T09:25:48","date_gmt":"2024-12-01T09:25:48","guid":{"rendered":"https:\/\/www.printings-n.com\/produit\/agendas-classiques-eurotopbalacrondiary-2\/"},"modified":"2024-12-01T09:25:49","modified_gmt":"2024-12-01T09:25:49","slug":"classic-diaries-eurotopbalacrondiary-2","status":"publish","type":"product","link":"https:\/\/www.printings-n.com\/produit\/agendas-classiques-eurotopbalacrondiary-2\/","title":{"rendered":"A5 Eurotop Balacron 6 Language Agenda"},"content":{"rendered":"<p>Stay organized with this smart desk organizer available in six languages: English, Dutch, French, German, Italian and Spanish. Featuring a durable padded cover with the year embossed on the front, it includes a one-page-per-day layout. Convenient detachable dated corners make it easy to keep track, while the year planner and extra space for notes help keep your projects under control. Size close to A5, perfect.<\/p>","protected":false},"excerpt":{"rendered":"<p>Restez organis\u00e9 avec cet agenda de bureau intelligent disponible en six langues : anglais, n\u00e9erlandais, fran\u00e7ais, allemand, italien et espagnol. Dot\u00e9 d&#039;une couverture matelass\u00e9e durable avec l&#039;ann\u00e9e emboss\u00e9e sur le devant, il comprend une mise en page d&#039;une page par jour. Les coins dat\u00e9s d\u00e9tachables pratiques permettent un suivi facile, tandis que le planificateur annuel [&hellip;]<\/p>\n","protected":false},"featured_media":4429,"comment_status":"open","ping_status":"closed","template":"","meta":[],"product_brand":[],"product_cat":[105],"product_tag":[],"class_list":{"0":"post-4428","1":"product","2":"type-product","3":"status-publish","4":"has-post-thumbnail","6":"product_cat-fournitures-de-bureau","8":"first","9":"instock","10":"taxable","11":"shipping-taxable","12":"product-type-simple"},"_links":{"self":[{"href":"https:\/\/www.printings-n.com\/en\/wp-json\/wp\/v2\/product\/4428","targetHints":{"allow":["GET"]}}],"collection":[{"href":"https:\/\/www.printings-n.com\/en\/wp-json\/wp\/v2\/product"}],"about":[{"href":"https:\/\/www.printings-n.com\/en\/wp-json\/wp\/v2\/types\/product"}],"replies":[{"embeddable":true,"href":"https:\/\/www.printings-n.com\/en\/wp-json\/wp\/v2\/comments?post=4428"}],"wp:featuredmedia":[{"embeddable":true,"href":"https:\/\/www.printings-n.com\/en\/wp-json\/wp\/v2\/media\/4429"}],"wp:attachment":[{"href":"https:\/\/www.printings-n.com\/en\/wp-json\/wp\/v2\/media?parent=4428"}],"wp:term":[{"taxonomy":"product_brand","embeddable":true,"href":"https:\/\/www.printings-n.com\/en\/wp-json\/wp\/v2\/product_brand?post=4428"},{"taxonomy":"product_cat","embeddable":true,"href":"https:\/\/www.printings-n.com\/en\/wp-json\/wp\/v2\/product_cat?post=4428"},{"taxonomy":"product_tag","embeddable":true,"href":"https:\/\/www.printings-n.com\/en\/wp-json\/wp\/v2\/product_tag?post=4428"}],"curies":[{"name":"wp","href":"https:\/\/api.w.org\/{rel}","templated":true}]}}