{"id":4213,"date":"2024-12-01T09:10:15","date_gmt":"2024-12-01T09:10:15","guid":{"rendered":"https:\/\/www.printings-n.com\/produit\/stylo-avec-grip-nash-deluxepens\/"},"modified":"2024-12-01T09:10:16","modified_gmt":"2024-12-01T09:10:16","slug":"nash-deluxepens-pen-with-grip","status":"publish","type":"product","link":"https:\/\/www.printings-n.com\/produit\/stylo-avec-grip-nash-deluxepens\/","title":{"rendered":"Nash grip pen"},"content":{"rendered":"<p>Vous souhaitez faire un grand effet en affichant une apparence soign\u00e9e ? Les Stylo avec grip Nash sont ceux qu&#039;ils vous faut ! Avec ses  petites touches m\u00e9talliques et son confort d&#039;\u00e9criture, vous pourrez repr\u00e9senter votre entreprise de la plus \u00e9l\u00e9gante des fa\u00e7ons. Pour cela, il suffit de nous envoyer un visuel ou votre logo et le tour est jou\u00e9 ! Parfait pour offrir \u00e0 vos clients ou \u00e0 vos employ\u00e9s, commandez simplement et rapidement vos stylos promotionnels \u00e0 votre image sur [site_name] !<\/p>\n","protected":false},"excerpt":{"rendered":"<p>Vous souhaitez faire un grand effet en affichant une apparence soign\u00e9e ? Les Stylo avec grip Nash sont ceux qu&#039;ils vous faut ! Avec ses petites touches m\u00e9talliques et son confort d&#039;\u00e9criture, vous pourrez repr\u00e9senter votre entreprise de la plus \u00e9l\u00e9gante des fa\u00e7ons. Pour cela, il suffit de nous envoyer un visuel ou votre logo [&hellip;]<\/p>\n","protected":false},"featured_media":4214,"comment_status":"open","ping_status":"closed","template":"","meta":[],"product_brand":[],"product_cat":[103],"product_tag":[],"class_list":{"0":"post-4213","1":"product","2":"type-product","3":"status-publish","4":"has-post-thumbnail","6":"product_cat-stylos","8":"first","9":"instock","10":"taxable","11":"shipping-taxable","12":"product-type-simple"},"_links":{"self":[{"href":"https:\/\/www.printings-n.com\/en\/wp-json\/wp\/v2\/product\/4213","targetHints":{"allow":["GET"]}}],"collection":[{"href":"https:\/\/www.printings-n.com\/en\/wp-json\/wp\/v2\/product"}],"about":[{"href":"https:\/\/www.printings-n.com\/en\/wp-json\/wp\/v2\/types\/product"}],"replies":[{"embeddable":true,"href":"https:\/\/www.printings-n.com\/en\/wp-json\/wp\/v2\/comments?post=4213"}],"wp:featuredmedia":[{"embeddable":true,"href":"https:\/\/www.printings-n.com\/en\/wp-json\/wp\/v2\/media\/4214"}],"wp:attachment":[{"href":"https:\/\/www.printings-n.com\/en\/wp-json\/wp\/v2\/media?parent=4213"}],"wp:term":[{"taxonomy":"product_brand","embeddable":true,"href":"https:\/\/www.printings-n.com\/en\/wp-json\/wp\/v2\/product_brand?post=4213"},{"taxonomy":"product_cat","embeddable":true,"href":"https:\/\/www.printings-n.com\/en\/wp-json\/wp\/v2\/product_cat?post=4213"},{"taxonomy":"product_tag","embeddable":true,"href":"https:\/\/www.printings-n.com\/en\/wp-json\/wp\/v2\/product_tag?post=4213"}],"curies":[{"name":"wp","href":"https:\/\/api.w.org\/{rel}","templated":true}]}}