{"id":3657,"date":"2024-11-30T23:19:10","date_gmt":"2024-11-30T23:19:10","guid":{"rendered":"https:\/\/www.printings-n.com\/produit\/cobble-a5-carnet-en-papier-de-pierre-spirale-cobblea5wireorecycledcardboardnotebook\/"},"modified":"2024-11-30T23:19:11","modified_gmt":"2024-11-30T23:19:11","slug":"cobble-a5-spiral-paper-notebook-cobblea5wireorecycledcardboardnotebook","status":"publish","type":"product","link":"https:\/\/www.printings-n.com\/produit\/cobble-a5-carnet-en-papier-de-pierre-spirale-cobblea5wireorecycledcardboardnotebook\/","title":{"rendered":"Cobble A5 Spiral bound notebook in stone paper"},"content":{"rendered":"<p>Improve your note-taking with our Cobble A5 spiral bound stone paper notebook. Its recycled cardboard cover features a practical pen loop. Inside, 70 sheets of lined stone paper offer tree-free, water-resistant pages in a natural white hue. Embrace sustainability with recycled cardboard and innovative stone paper.<\/p>","protected":false},"excerpt":{"rendered":"<p>Am\u00e9liorez votre prise de notes avec notre Cobble A5 Carnet en papier de pierre spirale. Sa couverture en carton recycl\u00e9 est dot\u00e9e d&#039;une boucle de stylo pratique. \u00c0 l&#039;int\u00e9rieur, 70 feuilles de papier pierre lign\u00e9 offrent des pages sans arbres et r\u00e9sistantes \u00e0 l&#039;eau dans une teinte blanche naturelle. Adoptez le d\u00e9veloppement durable avec le [&hellip;]<\/p>\n","protected":false},"featured_media":3658,"comment_status":"open","ping_status":"closed","template":"","meta":[],"product_brand":[],"product_cat":[88],"product_tag":[],"class_list":{"0":"post-3657","1":"product","2":"type-product","3":"status-publish","4":"has-post-thumbnail","6":"product_cat-carnets-cahiers","8":"first","9":"instock","10":"taxable","11":"shipping-taxable","12":"product-type-simple"},"_links":{"self":[{"href":"https:\/\/www.printings-n.com\/en\/wp-json\/wp\/v2\/product\/3657","targetHints":{"allow":["GET"]}}],"collection":[{"href":"https:\/\/www.printings-n.com\/en\/wp-json\/wp\/v2\/product"}],"about":[{"href":"https:\/\/www.printings-n.com\/en\/wp-json\/wp\/v2\/types\/product"}],"replies":[{"embeddable":true,"href":"https:\/\/www.printings-n.com\/en\/wp-json\/wp\/v2\/comments?post=3657"}],"wp:featuredmedia":[{"embeddable":true,"href":"https:\/\/www.printings-n.com\/en\/wp-json\/wp\/v2\/media\/3658"}],"wp:attachment":[{"href":"https:\/\/www.printings-n.com\/en\/wp-json\/wp\/v2\/media?parent=3657"}],"wp:term":[{"taxonomy":"product_brand","embeddable":true,"href":"https:\/\/www.printings-n.com\/en\/wp-json\/wp\/v2\/product_brand?post=3657"},{"taxonomy":"product_cat","embeddable":true,"href":"https:\/\/www.printings-n.com\/en\/wp-json\/wp\/v2\/product_cat?post=3657"},{"taxonomy":"product_tag","embeddable":true,"href":"https:\/\/www.printings-n.com\/en\/wp-json\/wp\/v2\/product_tag?post=3657"}],"curies":[{"name":"wp","href":"https:\/\/api.w.org\/{rel}","templated":true}]}}