{"id":3631,"date":"2024-11-30T23:18:15","date_gmt":"2024-11-30T23:18:15","guid":{"rendered":"https:\/\/www.printings-n.com\/produit\/carnets-a5-rpet-portarpetnotebooka5\/"},"modified":"2024-11-30T23:18:15","modified_gmt":"2024-11-30T23:18:15","slug":"notebooks-a5-rpet-portarpetnotebooka5","status":"publish","type":"product","link":"https:\/\/www.printings-n.com\/produit\/carnets-a5-rpet-portarpetnotebooka5\/","title":{"rendered":"A5 RPET notebooks"},"content":{"rendered":"<p>Make a difference while taking notes! RPET A5 Notebooks are an eco-friendly alternative made from recycled plastic bottles. This product helps reduce waste while being the ideal place to jot down your important thoughts or ideas. The notebook features 80 sheets made entirely from sustainable sources. Featuring a practical elastic closure, page marking ribbon and pen holder, it's the ideal sustainable corporate gift!<\/p>","protected":false},"excerpt":{"rendered":"<p>Faites la diff\u00e9rence tout en prenant des notes ! Les Carnets A5 RPET sont une alternative \u00e9cologique fabriqu\u00e9e \u00e0 partir de bouteilles en plastique recycl\u00e9es. Ce produit contribue \u00e0 r\u00e9duire les d\u00e9chets tout en \u00e9tant l&#039;endroit id\u00e9al pour noter vos pens\u00e9es ou id\u00e9es importantes. Le carnet est compos\u00e9 de 80 feuilles enti\u00e8rement fabriqu\u00e9es \u00e0 partir [&hellip;]<\/p>\n","protected":false},"featured_media":3632,"comment_status":"open","ping_status":"closed","template":"","meta":[],"product_brand":[],"product_cat":[88],"product_tag":[],"class_list":{"0":"post-3631","1":"product","2":"type-product","3":"status-publish","4":"has-post-thumbnail","6":"product_cat-carnets-cahiers","8":"first","9":"instock","10":"taxable","11":"shipping-taxable","12":"product-type-simple"},"_links":{"self":[{"href":"https:\/\/www.printings-n.com\/en\/wp-json\/wp\/v2\/product\/3631","targetHints":{"allow":["GET"]}}],"collection":[{"href":"https:\/\/www.printings-n.com\/en\/wp-json\/wp\/v2\/product"}],"about":[{"href":"https:\/\/www.printings-n.com\/en\/wp-json\/wp\/v2\/types\/product"}],"replies":[{"embeddable":true,"href":"https:\/\/www.printings-n.com\/en\/wp-json\/wp\/v2\/comments?post=3631"}],"wp:featuredmedia":[{"embeddable":true,"href":"https:\/\/www.printings-n.com\/en\/wp-json\/wp\/v2\/media\/3632"}],"wp:attachment":[{"href":"https:\/\/www.printings-n.com\/en\/wp-json\/wp\/v2\/media?parent=3631"}],"wp:term":[{"taxonomy":"product_brand","embeddable":true,"href":"https:\/\/www.printings-n.com\/en\/wp-json\/wp\/v2\/product_brand?post=3631"},{"taxonomy":"product_cat","embeddable":true,"href":"https:\/\/www.printings-n.com\/en\/wp-json\/wp\/v2\/product_cat?post=3631"},{"taxonomy":"product_tag","embeddable":true,"href":"https:\/\/www.printings-n.com\/en\/wp-json\/wp\/v2\/product_tag?post=3631"}],"curies":[{"name":"wp","href":"https:\/\/api.w.org\/{rel}","templated":true}]}}