{"id":3568,"date":"2024-11-30T23:14:17","date_gmt":"2024-11-30T23:14:17","guid":{"rendered":"https:\/\/www.printings-n.com\/produit\/polos-premium-en-tissu-melange-fruit-of-the-loom-tshirtfruitoftheloompolo-2\/"},"modified":"2024-11-30T23:14:19","modified_gmt":"2024-11-30T23:14:19","slug":"premium-polo-shirts-in-fruit-of-the-loom-melange-fabric-tshirtfruitoftheloompolo-2","status":"publish","type":"product","link":"https:\/\/www.printings-n.com\/produit\/polos-premium-en-tissu-melange-fruit-of-the-loom-tshirtfruitoftheloompolo-2\/","title":{"rendered":"Fruit of the Loom premium blend polo shirts"},"content":{"rendered":"<p>Looking for new uniforms for your staff, or need to look stylish for an upcoming event or promotion? Then Fruit of the Loom premium blend polo shirts are the perfect solution for you! This polo shirt, available in men's and women's sizes and styles, comes in a variety of colors to help you stand out from the crowd.<\/p>","protected":false},"excerpt":{"rendered":"<p>Vous \u00eates \u00e0 la recherche de nouveaux uniformes pour votre personnel ou vous avez besoin d&#039;\u00eatre \u00e9l\u00e9gant pour un \u00e9v\u00e9nement ou une promotion \u00e0 venir ? Alors Polos premium en tissu m\u00e9lang\u00e9 Fruit of the Loom est la solution parfaite pour vous ! Ce polo, disponible en tailles et styles masculins et f\u00e9minins, est disponible [&hellip;]<\/p>\n","protected":false},"featured_media":3569,"comment_status":"open","ping_status":"closed","template":"","meta":[],"product_brand":[],"product_cat":[86],"product_tag":[],"class_list":{"0":"post-3568","1":"product","2":"type-product","3":"status-publish","4":"has-post-thumbnail","6":"product_cat-chemises-polo","8":"first","9":"instock","10":"taxable","11":"shipping-taxable","12":"product-type-simple"},"_links":{"self":[{"href":"https:\/\/www.printings-n.com\/en\/wp-json\/wp\/v2\/product\/3568","targetHints":{"allow":["GET"]}}],"collection":[{"href":"https:\/\/www.printings-n.com\/en\/wp-json\/wp\/v2\/product"}],"about":[{"href":"https:\/\/www.printings-n.com\/en\/wp-json\/wp\/v2\/types\/product"}],"replies":[{"embeddable":true,"href":"https:\/\/www.printings-n.com\/en\/wp-json\/wp\/v2\/comments?post=3568"}],"wp:featuredmedia":[{"embeddable":true,"href":"https:\/\/www.printings-n.com\/en\/wp-json\/wp\/v2\/media\/3569"}],"wp:attachment":[{"href":"https:\/\/www.printings-n.com\/en\/wp-json\/wp\/v2\/media?parent=3568"}],"wp:term":[{"taxonomy":"product_brand","embeddable":true,"href":"https:\/\/www.printings-n.com\/en\/wp-json\/wp\/v2\/product_brand?post=3568"},{"taxonomy":"product_cat","embeddable":true,"href":"https:\/\/www.printings-n.com\/en\/wp-json\/wp\/v2\/product_cat?post=3568"},{"taxonomy":"product_tag","embeddable":true,"href":"https:\/\/www.printings-n.com\/en\/wp-json\/wp\/v2\/product_tag?post=3568"}],"curies":[{"name":"wp","href":"https:\/\/api.w.org\/{rel}","templated":true}]}}