{"id":3559,"date":"2024-11-30T23:14:08","date_gmt":"2024-11-30T23:14:08","guid":{"rendered":"https:\/\/www.printings-n.com\/produit\/polo-premium-ajuste-sols-polosbodyfitpremiumsols\/"},"modified":"2024-11-30T23:14:09","modified_gmt":"2024-11-30T23:14:09","slug":"polo-premium-ajuste-sols-polosbodyfitpremiumsols","status":"publish","type":"product","link":"https:\/\/www.printings-n.com\/produit\/polo-premium-ajuste-sols-polosbodyfitpremiumsols\/","title":{"rendered":"Sol's Premium fitted polo shirt"},"content":{"rendered":"<p>Imprimez vos propres polos de qualit\u00e9 sup\u00e9rieure avec [site_name] ! Ces polos \u00e0 coupe ajust\u00e9e sont disponibles \u00e0 partir d&#039;une seule pi\u00e8ce et sont fabriqu\u00e9s \u00e0 partir  de 95% de coton et 5% d&#039;\u00e9lasthanne. La coupe de ces polos leur donne une apparence soign\u00e9e qui les rend id\u00e9aux pour les \u00e9v\u00e9nements d&#039;entreprise. Imprimez votre design num\u00e9riquement en quadrichromie, par s\u00e9rigraphie en quatre couleurs unies ou par broderie, qui est le choix le plus durable. Les polos sont disponibles en six couleurs classiques, ainsi qu&#039;en plusieurs tailles et styles pour hommes et femmes.<\/p>\n","protected":false},"excerpt":{"rendered":"<p>Imprimez vos propres polos de qualit\u00e9 sup\u00e9rieure avec [site_name] ! Ces polos \u00e0 coupe ajust\u00e9e sont disponibles \u00e0 partir d&#039;une seule pi\u00e8ce et sont fabriqu\u00e9s \u00e0 partir de 95% de coton et 5% d&#039;\u00e9lasthanne. La coupe de ces polos leur donne une apparence soign\u00e9e qui les rend id\u00e9aux pour les \u00e9v\u00e9nements d&#039;entreprise. Imprimez votre design [&hellip;]<\/p>\n","protected":false},"featured_media":3560,"comment_status":"open","ping_status":"closed","template":"","meta":[],"product_brand":[],"product_cat":[86],"product_tag":[],"class_list":{"0":"post-3559","1":"product","2":"type-product","3":"status-publish","4":"has-post-thumbnail","6":"product_cat-chemises-polo","8":"first","9":"instock","10":"taxable","11":"shipping-taxable","12":"product-type-simple"},"_links":{"self":[{"href":"https:\/\/www.printings-n.com\/en\/wp-json\/wp\/v2\/product\/3559","targetHints":{"allow":["GET"]}}],"collection":[{"href":"https:\/\/www.printings-n.com\/en\/wp-json\/wp\/v2\/product"}],"about":[{"href":"https:\/\/www.printings-n.com\/en\/wp-json\/wp\/v2\/types\/product"}],"replies":[{"embeddable":true,"href":"https:\/\/www.printings-n.com\/en\/wp-json\/wp\/v2\/comments?post=3559"}],"wp:featuredmedia":[{"embeddable":true,"href":"https:\/\/www.printings-n.com\/en\/wp-json\/wp\/v2\/media\/3560"}],"wp:attachment":[{"href":"https:\/\/www.printings-n.com\/en\/wp-json\/wp\/v2\/media?parent=3559"}],"wp:term":[{"taxonomy":"product_brand","embeddable":true,"href":"https:\/\/www.printings-n.com\/en\/wp-json\/wp\/v2\/product_brand?post=3559"},{"taxonomy":"product_cat","embeddable":true,"href":"https:\/\/www.printings-n.com\/en\/wp-json\/wp\/v2\/product_cat?post=3559"},{"taxonomy":"product_tag","embeddable":true,"href":"https:\/\/www.printings-n.com\/en\/wp-json\/wp\/v2\/product_tag?post=3559"}],"curies":[{"name":"wp","href":"https:\/\/api.w.org\/{rel}","templated":true}]}}