{"id":3415,"date":"2024-11-30T23:06:39","date_gmt":"2024-11-30T23:06:39","guid":{"rendered":"https:\/\/www.printings-n.com\/produit\/veste-a-capuche-budget-fruit-of-the-loom-fotlhoodedsweat260gsm\/"},"modified":"2024-11-30T23:06:41","modified_gmt":"2024-11-30T23:06:41","slug":"fruit-of-the-loom-budget-hoodie-fotlhoodedsweat260gsm","status":"publish","type":"product","link":"https:\/\/www.printings-n.com\/produit\/veste-a-capuche-budget-fruit-of-the-loom-fotlhoodedsweat260gsm\/","title":{"rendered":"Fruit of the Loom budget hoodie"},"content":{"rendered":"<p>Our comfortable and functional zip-up hooded jacket features a double fabric hood, perfect for cool days. Made from 60 % cotton and 40 % polyester, the dark mottled gray sweat jacket is a reliable and affordable option for everyday wear. The two front pockets offer ample storage space for your essentials, and the covered metal zipper ensures enhanced printability. Promote your brand in the most comfortable way possible!<\/p>","protected":false},"excerpt":{"rendered":"<p>Notre veste \u00e0 capuche zipp\u00e9e, confortable et fonctionnelle, est dot\u00e9e d&#039;une double capuche en tissu, parfaite pour les journ\u00e9es fra\u00eeches. Fabriqu\u00e9e avec 60 % de coton et 40 % de polyester, la veste de surv\u00eatement gris chin\u00e9 fonc\u00e9 est une option fiable et abordable pour les v\u00eatements de tous les jours. Les deux poches avant [&hellip;]<\/p>\n","protected":false},"featured_media":3416,"comment_status":"open","ping_status":"closed","template":"","meta":[],"product_brand":[],"product_cat":[84],"product_tag":[],"class_list":{"0":"post-3415","1":"product","2":"type-product","3":"status-publish","4":"has-post-thumbnail","6":"product_cat-sweatshirts-a-capuche-et-pulls","8":"first","9":"instock","10":"taxable","11":"shipping-taxable","12":"product-type-simple"},"_links":{"self":[{"href":"https:\/\/www.printings-n.com\/en\/wp-json\/wp\/v2\/product\/3415","targetHints":{"allow":["GET"]}}],"collection":[{"href":"https:\/\/www.printings-n.com\/en\/wp-json\/wp\/v2\/product"}],"about":[{"href":"https:\/\/www.printings-n.com\/en\/wp-json\/wp\/v2\/types\/product"}],"replies":[{"embeddable":true,"href":"https:\/\/www.printings-n.com\/en\/wp-json\/wp\/v2\/comments?post=3415"}],"wp:featuredmedia":[{"embeddable":true,"href":"https:\/\/www.printings-n.com\/en\/wp-json\/wp\/v2\/media\/3416"}],"wp:attachment":[{"href":"https:\/\/www.printings-n.com\/en\/wp-json\/wp\/v2\/media?parent=3415"}],"wp:term":[{"taxonomy":"product_brand","embeddable":true,"href":"https:\/\/www.printings-n.com\/en\/wp-json\/wp\/v2\/product_brand?post=3415"},{"taxonomy":"product_cat","embeddable":true,"href":"https:\/\/www.printings-n.com\/en\/wp-json\/wp\/v2\/product_cat?post=3415"},{"taxonomy":"product_tag","embeddable":true,"href":"https:\/\/www.printings-n.com\/en\/wp-json\/wp\/v2\/product_tag?post=3415"}],"curies":[{"name":"wp","href":"https:\/\/api.w.org\/{rel}","templated":true}]}}