{"id":3399,"date":"2024-11-30T23:05:35","date_gmt":"2024-11-30T23:05:35","guid":{"rendered":"https:\/\/www.printings-n.com\/produit\/sols-spencer-sweat-a-capuche-basique-solsspencerhoodie\/"},"modified":"2024-11-30T23:05:37","modified_gmt":"2024-11-30T23:05:37","slug":"sols-spencer-basic-hoodie-solsspencerhoodie","status":"publish","type":"product","link":"https:\/\/www.printings-n.com\/produit\/sols-spencer-sweat-a-capuche-basique-solsspencerhoodie\/","title":{"rendered":"Sol's Spencer - Basic hoodie"},"content":{"rendered":"<p>Update your wardrobe with this versatile classic! The comfortable Sols Spencer is perfect for those chilly days. It's your go-to solution for staying warm while looking naturally stylish. Whether you're out for a walk or running errands, this hoodie will keep you toasty warm. Get ready to combine comfort and style with Sols Spencer.<\/p>","protected":false},"excerpt":{"rendered":"<p>Mettez \u00e0 jour votre garde-robe avec ce classique polyvalent ! Le confortable Sols Spencer est parfait pour ces journ\u00e9es fra\u00eeches. C&#039;est votre solution incontournable pour rester au chaud tout en ayant un style naturel. Que vous vous promeniez ou fassiez des courses, ce sweat \u00e0 capuche vous gardera bien au chaud. Pr\u00e9parez-vous \u00e0 allier confort [&hellip;]<\/p>\n","protected":false},"featured_media":3400,"comment_status":"open","ping_status":"closed","template":"","meta":[],"product_brand":[],"product_cat":[84],"product_tag":[],"class_list":{"0":"post-3399","1":"product","2":"type-product","3":"status-publish","4":"has-post-thumbnail","6":"product_cat-sweatshirts-a-capuche-et-pulls","8":"first","9":"instock","10":"taxable","11":"shipping-taxable","12":"product-type-simple"},"_links":{"self":[{"href":"https:\/\/www.printings-n.com\/en\/wp-json\/wp\/v2\/product\/3399","targetHints":{"allow":["GET"]}}],"collection":[{"href":"https:\/\/www.printings-n.com\/en\/wp-json\/wp\/v2\/product"}],"about":[{"href":"https:\/\/www.printings-n.com\/en\/wp-json\/wp\/v2\/types\/product"}],"replies":[{"embeddable":true,"href":"https:\/\/www.printings-n.com\/en\/wp-json\/wp\/v2\/comments?post=3399"}],"wp:featuredmedia":[{"embeddable":true,"href":"https:\/\/www.printings-n.com\/en\/wp-json\/wp\/v2\/media\/3400"}],"wp:attachment":[{"href":"https:\/\/www.printings-n.com\/en\/wp-json\/wp\/v2\/media?parent=3399"}],"wp:term":[{"taxonomy":"product_brand","embeddable":true,"href":"https:\/\/www.printings-n.com\/en\/wp-json\/wp\/v2\/product_brand?post=3399"},{"taxonomy":"product_cat","embeddable":true,"href":"https:\/\/www.printings-n.com\/en\/wp-json\/wp\/v2\/product_cat?post=3399"},{"taxonomy":"product_tag","embeddable":true,"href":"https:\/\/www.printings-n.com\/en\/wp-json\/wp\/v2\/product_tag?post=3399"}],"curies":[{"name":"wp","href":"https:\/\/api.w.org\/{rel}","templated":true}]}}