{"id":3397,"date":"2024-11-30T23:05:30","date_gmt":"2024-11-30T23:05:30","guid":{"rendered":"https:\/\/www.printings-n.com\/produit\/sweat-a-capuche-en-coton-recycle-iqoniq-jasperiqoniq\/"},"modified":"2024-11-30T23:05:32","modified_gmt":"2024-11-30T23:05:32","slug":"sweat-a-capuche-en-coton-recycle-iqoniq-jasperiqoniq","status":"publish","type":"product","link":"https:\/\/www.printings-n.com\/produit\/sweat-a-capuche-en-coton-recycle-iqoniq-jasperiqoniq\/","title":{"rendered":"Iqoniq recycled cotton hoodie"},"content":{"rendered":"<p>Fabriqu\u00e9 \u00e0 partir d&#039;un m\u00e9lange de coton recycl\u00e9 et biologique, ce sweat \u00e0 manches longues unisexe est non seulement doux et confortable, mais il permet \u00e9galement de r\u00e9duire les d\u00e9chets et de promouvoir des pratiques durables. La capuche \u00e0 double \u00e9paisseur, le bas ourl\u00e9 et les manches \u00e0 poignets ajoutent \u00e0 la chaleur et \u00e0 la durabilit\u00e9, ce qui en fait un v\u00eatement polyvalent que vous pourrez porter tout au long de l&#039;ann\u00e9e. La doublure en polaire bross\u00e9e le rend tr\u00e8s agr\u00e9able \u00e0 porter, et il deviendra sans aucun doute un \u00e9l\u00e9ment essentiel de votre garde-robe ! Mais ce n&#039;est pas tout : en choisissant ce sweat \u00e0 capuche, vous soutenez \u00e9galement un mouvement en faveur d&#039;un avenir plus vert.<br \/>\n&lt;br&gt;&lt;br&gt;Chaque produit Iqoniq est dot&eacute; d&#039;une &eacute;tiquette QR unique &agrave; utiliser avec AWARE&trade;. En scannant ce QR, vous acc&eacute;derez &agrave; un passeport num&eacute;rique d&eacute;di&eacute; au produit.<\/p>","protected":false},"excerpt":{"rendered":"<p>Fabriqu\u00e9 \u00e0 partir d&#039;un m\u00e9lange de coton recycl\u00e9 et biologique, ce sweat \u00e0 manches longues unisexe est non seulement doux et confortable, mais il permet \u00e9galement de r\u00e9duire les d\u00e9chets et de promouvoir des pratiques durables. La capuche \u00e0 double \u00e9paisseur, le bas ourl\u00e9 et les manches \u00e0 poignets ajoutent \u00e0 la chaleur et \u00e0 [&hellip;]<\/p>\n","protected":false},"featured_media":3398,"comment_status":"open","ping_status":"closed","template":"","meta":[],"product_brand":[],"product_cat":[84],"product_tag":[],"class_list":{"0":"post-3397","1":"product","2":"type-product","3":"status-publish","4":"has-post-thumbnail","6":"product_cat-sweatshirts-a-capuche-et-pulls","8":"first","9":"instock","10":"taxable","11":"shipping-taxable","12":"product-type-simple"},"_links":{"self":[{"href":"https:\/\/www.printings-n.com\/en\/wp-json\/wp\/v2\/product\/3397","targetHints":{"allow":["GET"]}}],"collection":[{"href":"https:\/\/www.printings-n.com\/en\/wp-json\/wp\/v2\/product"}],"about":[{"href":"https:\/\/www.printings-n.com\/en\/wp-json\/wp\/v2\/types\/product"}],"replies":[{"embeddable":true,"href":"https:\/\/www.printings-n.com\/en\/wp-json\/wp\/v2\/comments?post=3397"}],"wp:featuredmedia":[{"embeddable":true,"href":"https:\/\/www.printings-n.com\/en\/wp-json\/wp\/v2\/media\/3398"}],"wp:attachment":[{"href":"https:\/\/www.printings-n.com\/en\/wp-json\/wp\/v2\/media?parent=3397"}],"wp:term":[{"taxonomy":"product_brand","embeddable":true,"href":"https:\/\/www.printings-n.com\/en\/wp-json\/wp\/v2\/product_brand?post=3397"},{"taxonomy":"product_cat","embeddable":true,"href":"https:\/\/www.printings-n.com\/en\/wp-json\/wp\/v2\/product_cat?post=3397"},{"taxonomy":"product_tag","embeddable":true,"href":"https:\/\/www.printings-n.com\/en\/wp-json\/wp\/v2\/product_tag?post=3397"}],"curies":[{"name":"wp","href":"https:\/\/api.w.org\/{rel}","templated":true}]}}