{"id":3103,"date":"2024-11-30T22:53:31","date_gmt":"2024-11-30T22:53:31","guid":{"rendered":"https:\/\/www.printings-n.com\/produit\/enveloppes-recyclees-envelopesrecycled\/"},"modified":"2024-11-30T22:53:32","modified_gmt":"2024-11-30T22:53:32","slug":"enveloppes-recyclees-envelopesrecycled","status":"publish","type":"product","link":"https:\/\/www.printings-n.com\/produit\/enveloppes-recyclees-envelopesrecycled\/","title":{"rendered":"Recycled envelopes"},"content":{"rendered":"<p>Ces enveloppes \u00e9cologiques sont produites enti\u00e8rement \u00e0 partir de vieux papiers collect\u00e9s. Le papier est ensuite blanchi de mani\u00e8re naturelle sans chlore ni azurants optiques. La fen\u00eatre d&#039;adresse est \u00e9galement biod\u00e9gradable. Vous pouvez m\u00eame choisir votre fermeture, opter pour une bande auto-adh\u00e9sive ou la mani\u00e8re plus traditionnelle avec un cachet gomm\u00e9. Personnalisez l&#039;enveloppe avec votre logo ou votre marque.<br \/>\n&lt;br&gt;&lt;br&gt;<br \/>\nNote : Ce mat\u00e9riau est trait\u00e9 sans utiliser de chlore ni agents blanchissants, il a donc une couleur blanche naturelle. Cela signifie qu&#039;au lieu d&#039;avoir un aspect blanc brillant qui ne peut \u00eatre reproduit qu&#039;avec un processus de blanchiment, il a une nuance blanche plus douce et plus subtile.<\/p>","protected":false},"excerpt":{"rendered":"<p>Ces enveloppes \u00e9cologiques sont produites enti\u00e8rement \u00e0 partir de vieux papiers collect\u00e9s. Le papier est ensuite blanchi de mani\u00e8re naturelle sans chlore ni azurants optiques. La fen\u00eatre d&#039;adresse est \u00e9galement biod\u00e9gradable. Vous pouvez m\u00eame choisir votre fermeture, opter pour une bande auto-adh\u00e9sive ou la mani\u00e8re plus traditionnelle avec un cachet gomm\u00e9. Personnalisez l&#039;enveloppe avec votre [&hellip;]<\/p>\n","protected":false},"featured_media":3104,"comment_status":"open","ping_status":"closed","template":"","meta":[],"product_brand":[],"product_cat":[78],"product_tag":[],"class_list":{"0":"post-3103","1":"product","2":"type-product","3":"status-publish","4":"has-post-thumbnail","6":"product_cat-papeterie","8":"first","9":"instock","10":"taxable","11":"shipping-taxable","12":"product-type-simple"},"_links":{"self":[{"href":"https:\/\/www.printings-n.com\/en\/wp-json\/wp\/v2\/product\/3103","targetHints":{"allow":["GET"]}}],"collection":[{"href":"https:\/\/www.printings-n.com\/en\/wp-json\/wp\/v2\/product"}],"about":[{"href":"https:\/\/www.printings-n.com\/en\/wp-json\/wp\/v2\/types\/product"}],"replies":[{"embeddable":true,"href":"https:\/\/www.printings-n.com\/en\/wp-json\/wp\/v2\/comments?post=3103"}],"wp:featuredmedia":[{"embeddable":true,"href":"https:\/\/www.printings-n.com\/en\/wp-json\/wp\/v2\/media\/3104"}],"wp:attachment":[{"href":"https:\/\/www.printings-n.com\/en\/wp-json\/wp\/v2\/media?parent=3103"}],"wp:term":[{"taxonomy":"product_brand","embeddable":true,"href":"https:\/\/www.printings-n.com\/en\/wp-json\/wp\/v2\/product_brand?post=3103"},{"taxonomy":"product_cat","embeddable":true,"href":"https:\/\/www.printings-n.com\/en\/wp-json\/wp\/v2\/product_cat?post=3103"},{"taxonomy":"product_tag","embeddable":true,"href":"https:\/\/www.printings-n.com\/en\/wp-json\/wp\/v2\/product_tag?post=3103"}],"curies":[{"name":"wp","href":"https:\/\/api.w.org\/{rel}","templated":true}]}}