{"id":2961,"date":"2024-11-30T22:42:43","date_gmt":"2024-11-30T22:42:43","guid":{"rendered":"https:\/\/www.printings-n.com\/produit\/porte-goblet-avec-poignee-beverageholders\/"},"modified":"2024-11-30T22:42:44","modified_gmt":"2024-11-30T22:42:44","slug":"goblet-holder-with-beverageholders-handle","status":"publish","type":"product","link":"https:\/\/www.printings-n.com\/produit\/porte-goblet-avec-poignee-beverageholders\/","title":{"rendered":"Cup holder with handle"},"content":{"rendered":"<p>Parfait pour transporter les boissons, ce porte-gobelet pratique peut contenir jusqu&#039;\u00e0 quatre boissons. Les porte-boissons de [site_name] sont id\u00e9aux, ils permettent aux clients et aux livreurs de transporter plusieurs tasses sans avoir \u00e0 se soucier des d\u00e9versements ou des d\u00e9g\u00e2ts. Faciles \u00e0 assembler, ils sont exp\u00e9di\u00e9s \u00e0 plat pour gagner de la place jusqu&#039;\u00e0 ce que vous soyez pr\u00eat \u00e0 les utiliser. Le porte-gobelet est \u00e9galement imprim\u00e9 en couleur, ce qui vous permet de le personnaliser et de mettre en valeur votre marque !<\/p>\n<p>Commandez d\u00e8s aujourd&#039;hui !<\/p>\n","protected":false},"excerpt":{"rendered":"<p>Parfait pour transporter les boissons, ce porte-gobelet pratique peut contenir jusqu&#039;\u00e0 quatre boissons. Les porte-boissons de [site_name] sont id\u00e9aux, ils permettent aux clients et aux livreurs de transporter plusieurs tasses sans avoir \u00e0 se soucier des d\u00e9versements ou des d\u00e9g\u00e2ts. Faciles \u00e0 assembler, ils sont exp\u00e9di\u00e9s \u00e0 plat pour gagner de la place jusqu&#039;\u00e0 ce [&hellip;]<\/p>\n","protected":false},"featured_media":2962,"comment_status":"open","ping_status":"closed","template":"","meta":[],"product_brand":[],"product_cat":[74],"product_tag":[],"class_list":{"0":"post-2961","1":"product","2":"type-product","3":"status-publish","4":"has-post-thumbnail","6":"product_cat-hotellerie-restauration","8":"first","9":"instock","10":"taxable","11":"shipping-taxable","12":"product-type-simple"},"_links":{"self":[{"href":"https:\/\/www.printings-n.com\/en\/wp-json\/wp\/v2\/product\/2961","targetHints":{"allow":["GET"]}}],"collection":[{"href":"https:\/\/www.printings-n.com\/en\/wp-json\/wp\/v2\/product"}],"about":[{"href":"https:\/\/www.printings-n.com\/en\/wp-json\/wp\/v2\/types\/product"}],"replies":[{"embeddable":true,"href":"https:\/\/www.printings-n.com\/en\/wp-json\/wp\/v2\/comments?post=2961"}],"wp:featuredmedia":[{"embeddable":true,"href":"https:\/\/www.printings-n.com\/en\/wp-json\/wp\/v2\/media\/2962"}],"wp:attachment":[{"href":"https:\/\/www.printings-n.com\/en\/wp-json\/wp\/v2\/media?parent=2961"}],"wp:term":[{"taxonomy":"product_brand","embeddable":true,"href":"https:\/\/www.printings-n.com\/en\/wp-json\/wp\/v2\/product_brand?post=2961"},{"taxonomy":"product_cat","embeddable":true,"href":"https:\/\/www.printings-n.com\/en\/wp-json\/wp\/v2\/product_cat?post=2961"},{"taxonomy":"product_tag","embeddable":true,"href":"https:\/\/www.printings-n.com\/en\/wp-json\/wp\/v2\/product_tag?post=2961"}],"curies":[{"name":"wp","href":"https:\/\/api.w.org\/{rel}","templated":true}]}}