{"id":2913,"date":"2024-11-30T22:41:12","date_gmt":"2024-11-30T22:41:12","guid":{"rendered":"https:\/\/www.printings-n.com\/produit\/ballons-geants-balloonsbig\/"},"modified":"2024-11-30T22:41:13","modified_gmt":"2024-11-30T22:41:13","slug":"giant-balloons-balloonsbig","status":"publish","type":"product","link":"https:\/\/www.printings-n.com\/produit\/ballons-geants-balloonsbig\/","title":{"rendered":"Giant balloons"},"content":{"rendered":"<p>Les ballons de [site_name] sont fabriqu\u00e9s \u00e0 partir de latex naturel, un mat\u00e9riau renouvelable issu des h\u00e9v\u00e9as !  Attirez l&#039;attention et surprenez tout le monde lors d&#039;ouvertures de magasins, d&#039;\u00e9v\u00e9nements ou de foires avec ces ballons XL. Ils sont parfaits pour toutes sortes d&#039;\u00e9v\u00e9nements, professionnels ou personnels. Encore mieux, ils ne sont pas nuisibles  pour la plan\u00e8te. Imprimez votre logo au recto et au verso du ballon et organisez un \u00e9v\u00e9nement inoubliable.<br \/>\n&lt;br&gt;&lt;br&gt;<br \/>\nNote : Votre ballon sera de la couleur que vous ayez choisie, tandis que votre logo ou votre design sera imprim\u00e9 dans une couleur diff\u00e9rente, correspondant \u00e0 celle de votre fichier.<\/p>\n","protected":false},"excerpt":{"rendered":"<p>Les ballons de [site_name] sont fabriqu\u00e9s \u00e0 partir de latex naturel, un mat\u00e9riau renouvelable issu des h\u00e9v\u00e9as ! Attirez l&#039;attention et surprenez tout le monde lors d&#039;ouvertures de magasins, d&#039;\u00e9v\u00e9nements ou de foires avec ces ballons XL. Ils sont parfaits pour toutes sortes d&#039;\u00e9v\u00e9nements, professionnels ou personnels. Encore mieux, ils ne sont pas nuisibles pour [&hellip;]<\/p>\n","protected":false},"featured_media":2914,"comment_status":"open","ping_status":"closed","template":"","meta":[],"product_brand":[],"product_cat":[74],"product_tag":[],"class_list":{"0":"post-2913","1":"product","2":"type-product","3":"status-publish","4":"has-post-thumbnail","6":"product_cat-hotellerie-restauration","8":"first","9":"instock","10":"taxable","11":"shipping-taxable","12":"product-type-simple"},"_links":{"self":[{"href":"https:\/\/www.printings-n.com\/en\/wp-json\/wp\/v2\/product\/2913","targetHints":{"allow":["GET"]}}],"collection":[{"href":"https:\/\/www.printings-n.com\/en\/wp-json\/wp\/v2\/product"}],"about":[{"href":"https:\/\/www.printings-n.com\/en\/wp-json\/wp\/v2\/types\/product"}],"replies":[{"embeddable":true,"href":"https:\/\/www.printings-n.com\/en\/wp-json\/wp\/v2\/comments?post=2913"}],"wp:featuredmedia":[{"embeddable":true,"href":"https:\/\/www.printings-n.com\/en\/wp-json\/wp\/v2\/media\/2914"}],"wp:attachment":[{"href":"https:\/\/www.printings-n.com\/en\/wp-json\/wp\/v2\/media?parent=2913"}],"wp:term":[{"taxonomy":"product_brand","embeddable":true,"href":"https:\/\/www.printings-n.com\/en\/wp-json\/wp\/v2\/product_brand?post=2913"},{"taxonomy":"product_cat","embeddable":true,"href":"https:\/\/www.printings-n.com\/en\/wp-json\/wp\/v2\/product_cat?post=2913"},{"taxonomy":"product_tag","embeddable":true,"href":"https:\/\/www.printings-n.com\/en\/wp-json\/wp\/v2\/product_tag?post=2913"}],"curies":[{"name":"wp","href":"https:\/\/api.w.org\/{rel}","templated":true}]}}