{"id":5193,"date":"2024-12-01T18:14:53","date_gmt":"2024-12-01T18:14:53","guid":{"rendered":"https:\/\/www.printings-n.com\/produit\/cles-usb-eco-bois-usbecowood-2\/"},"modified":"2024-12-01T18:14:54","modified_gmt":"2024-12-01T18:14:54","slug":"usb-schlussel-eco-holz-usbecowood-2","status":"publish","type":"product","link":"https:\/\/www.printings-n.com\/de\/produkt\/usb-schlussel-eco-holz-usbecowood-2\/","title":{"rendered":"\u00d6ko-Holz USB-Sticks"},"content":{"rendered":"<p>Die \u00d6ko-Holz-USB-Sticks sind mit einem modernen Design und der nachhaltigen Ressource Holz hergestellt. Die Kappe h\u00e4lt dank eines magnetischen Deckels auf dem USB-K\u00f6rper.<\/p>","protected":false},"excerpt":{"rendered":"<p>Die \u00d6ko-Holz-USB-Sticks sind mit einem modernen Design und der nachhaltigen Ressource Holz hergestellt. Die Kappe h\u00e4lt dank eines magnetischen Deckels auf dem USB-K\u00f6rper.<\/p>","protected":false},"featured_media":5194,"comment_status":"open","ping_status":"closed","template":"","meta":[],"product_brand":[],"product_cat":[128],"product_tag":[],"class_list":{"0":"post-5193","1":"product","2":"type-product","3":"status-publish","4":"has-post-thumbnail","6":"product_cat-cles-usb","8":"first","9":"instock","10":"taxable","11":"shipping-taxable","12":"product-type-simple"},"_links":{"self":[{"href":"https:\/\/www.printings-n.com\/de\/wp-json\/wp\/v2\/product\/5193","targetHints":{"allow":["GET"]}}],"collection":[{"href":"https:\/\/www.printings-n.com\/de\/wp-json\/wp\/v2\/product"}],"about":[{"href":"https:\/\/www.printings-n.com\/de\/wp-json\/wp\/v2\/types\/product"}],"replies":[{"embeddable":true,"href":"https:\/\/www.printings-n.com\/de\/wp-json\/wp\/v2\/comments?post=5193"}],"wp:featuredmedia":[{"embeddable":true,"href":"https:\/\/www.printings-n.com\/de\/wp-json\/wp\/v2\/media\/5194"}],"wp:attachment":[{"href":"https:\/\/www.printings-n.com\/de\/wp-json\/wp\/v2\/media?parent=5193"}],"wp:term":[{"taxonomy":"product_brand","embeddable":true,"href":"https:\/\/www.printings-n.com\/de\/wp-json\/wp\/v2\/product_brand?post=5193"},{"taxonomy":"product_cat","embeddable":true,"href":"https:\/\/www.printings-n.com\/de\/wp-json\/wp\/v2\/product_cat?post=5193"},{"taxonomy":"product_tag","embeddable":true,"href":"https:\/\/www.printings-n.com\/de\/wp-json\/wp\/v2\/product_tag?post=5193"}],"curies":[{"name":"wp","href":"https:\/\/api.w.org\/{rel}","templated":true}]}}