{"id":5175,"date":"2024-12-01T18:12:23","date_gmt":"2024-12-01T18:12:23","guid":{"rendered":"https:\/\/www.printings-n.com\/produit\/batterie-externe-compacte-de-2200-mah-volt2200mahpowerbank-2\/"},"modified":"2024-12-01T18:12:23","modified_gmt":"2024-12-01T18:12:23","slug":"kompakte-externe-batterie-mit-2200-mah-volt2200mahpowerbank-2","status":"publish","type":"product","link":"https:\/\/www.printings-n.com\/de\/produkt\/kompakte-externe-batterie-mit-2200-mah-volt2200mahpowerbank-2\/","title":{"rendered":"Kompakter externer Akku 2200 mAh"},"content":{"rendered":"<p>Sind Sie auf der Suche nach einem kompakten und praktischen Geschenk f\u00fcr Angestellte, Gesch\u00e4ftspartner oder als Werbegeschenk? Der Volt 2200 mAh Externe Akku ist eine ausgezeichnete Wahl. Mit einer Akkukapazit\u00e4t von 2200 mAh verl\u00e4ngert er die Laufzeit Ihres Mobiltelefons oder Tablets erheblich . Der externe Akku wird \u00fcber das mitgelieferte USB-Kabel aufgeladen und die LED-Anzeige leuchtet blau, wenn er vollst\u00e4ndig aufgeladen ist. Der Volt Externe Akku besteht aus leichtem, haltbarem Aluminium und ist zuverl\u00e4ssig und elegant zugleich.<\/p>","protected":false},"excerpt":{"rendered":"<p>\u00c0 la recherche d&#039;un cadeau compact et pratique pour les employ\u00e9s, les associ\u00e9s d&#039;affaires ou comme cadeau promotionnel ? La batterie externe Volt 2200 mAh est un excellent choix. Avec une capacit\u00e9 de batterie de 2200 mAh, elle augmente consid\u00e9rablement l&#039;autonomie de votre t\u00e9l\u00e9phone portable ou de votre tablette . La batterie externe se recharge [&hellip;]<\/p>\n","protected":false},"featured_media":5176,"comment_status":"open","ping_status":"closed","template":"","meta":[],"product_brand":[],"product_cat":[127],"product_tag":[],"class_list":{"0":"post-5175","1":"product","2":"type-product","3":"status-publish","4":"has-post-thumbnail","6":"product_cat-chargeurs-et-batteries-externes","8":"first","9":"instock","10":"taxable","11":"shipping-taxable","12":"product-type-simple"},"_links":{"self":[{"href":"https:\/\/www.printings-n.com\/de\/wp-json\/wp\/v2\/product\/5175","targetHints":{"allow":["GET"]}}],"collection":[{"href":"https:\/\/www.printings-n.com\/de\/wp-json\/wp\/v2\/product"}],"about":[{"href":"https:\/\/www.printings-n.com\/de\/wp-json\/wp\/v2\/types\/product"}],"replies":[{"embeddable":true,"href":"https:\/\/www.printings-n.com\/de\/wp-json\/wp\/v2\/comments?post=5175"}],"wp:featuredmedia":[{"embeddable":true,"href":"https:\/\/www.printings-n.com\/de\/wp-json\/wp\/v2\/media\/5176"}],"wp:attachment":[{"href":"https:\/\/www.printings-n.com\/de\/wp-json\/wp\/v2\/media?parent=5175"}],"wp:term":[{"taxonomy":"product_brand","embeddable":true,"href":"https:\/\/www.printings-n.com\/de\/wp-json\/wp\/v2\/product_brand?post=5175"},{"taxonomy":"product_cat","embeddable":true,"href":"https:\/\/www.printings-n.com\/de\/wp-json\/wp\/v2\/product_cat?post=5175"},{"taxonomy":"product_tag","embeddable":true,"href":"https:\/\/www.printings-n.com\/de\/wp-json\/wp\/v2\/product_tag?post=5175"}],"curies":[{"name":"wp","href":"https:\/\/api.w.org\/{rel}","templated":true}]}}