{"id":5173,"date":"2024-12-01T18:12:18","date_gmt":"2024-12-01T18:12:18","guid":{"rendered":"https:\/\/www.printings-n.com\/produit\/banque-dalimentation-8000-mah-wirelesspowerbank8000cwirelesschargerfwr0ot-2\/"},"modified":"2024-12-01T18:12:19","modified_gmt":"2024-12-01T18:12:19","slug":"powerbank-8000-mah-wirelesspowerbank8000cwirelesschargerfwr0ot-2","status":"publish","type":"product","link":"https:\/\/www.printings-n.com\/de\/produkt\/powerbank-8000-mah-wirelesspowerbank8000cwirelesschargerfwr0ot-2\/","title":{"rendered":"Externer Akku 8000 mAh"},"content":{"rendered":"<p>Entdecken Sie unser kabelloses Ladeger\u00e4t powerbank 8000 mAh! Ein leistungsstarker Li-Ionen-Akku mit 8000 mAh und einer kabellosen Ladeleistung von 5 W. Hergestellt aus recyceltem ABS-Kunststoff, unterst\u00fctzt sie das kabellose QI-Laden f\u00fcr Android-Modelle und iPhone 8 und h\u00f6her. Ausgestattet mit USB- und Typ-C-Ausg\u00e4ngen, LED-Leuchten und einem Ein-\/Ausschalter. Beinhaltet ein Mikro-USB-Ladekabel und eine Bedienungsanleitung. Perfekt f\u00fcr Branding und Geschenke.<\/p>","protected":false},"excerpt":{"rendered":"<p>D\u00e9couvrez notre chargeur sans fil powerbank 8000 mAh ! Une puissante batterie Li-ion de 8000 mAh avec une charge sans fil de 5 W. Fabriqu\u00e9 \u00e0 partir de plastique ABS recycl\u00e9, il prend en charge la charge sans fil QI pour les mod\u00e8les Android et iPhone 8 et sup\u00e9rieurs. Dot\u00e9 de sorties USB et de [&hellip;]<\/p>\n","protected":false},"featured_media":5174,"comment_status":"open","ping_status":"closed","template":"","meta":[],"product_brand":[],"product_cat":[127],"product_tag":[],"class_list":{"0":"post-5173","1":"product","2":"type-product","3":"status-publish","4":"has-post-thumbnail","6":"product_cat-chargeurs-et-batteries-externes","8":"first","9":"instock","10":"taxable","11":"shipping-taxable","12":"product-type-simple"},"_links":{"self":[{"href":"https:\/\/www.printings-n.com\/de\/wp-json\/wp\/v2\/product\/5173","targetHints":{"allow":["GET"]}}],"collection":[{"href":"https:\/\/www.printings-n.com\/de\/wp-json\/wp\/v2\/product"}],"about":[{"href":"https:\/\/www.printings-n.com\/de\/wp-json\/wp\/v2\/types\/product"}],"replies":[{"embeddable":true,"href":"https:\/\/www.printings-n.com\/de\/wp-json\/wp\/v2\/comments?post=5173"}],"wp:featuredmedia":[{"embeddable":true,"href":"https:\/\/www.printings-n.com\/de\/wp-json\/wp\/v2\/media\/5174"}],"wp:attachment":[{"href":"https:\/\/www.printings-n.com\/de\/wp-json\/wp\/v2\/media?parent=5173"}],"wp:term":[{"taxonomy":"product_brand","embeddable":true,"href":"https:\/\/www.printings-n.com\/de\/wp-json\/wp\/v2\/product_brand?post=5173"},{"taxonomy":"product_cat","embeddable":true,"href":"https:\/\/www.printings-n.com\/de\/wp-json\/wp\/v2\/product_cat?post=5173"},{"taxonomy":"product_tag","embeddable":true,"href":"https:\/\/www.printings-n.com\/de\/wp-json\/wp\/v2\/product_tag?post=5173"}],"curies":[{"name":"wp","href":"https:\/\/api.w.org\/{rel}","templated":true}]}}